{"id":142,"date":"2024-04-03T01:38:08","date_gmt":"2024-04-03T01:38:08","guid":{"rendered":"https:\/\/sadhuamorypata.com\/tienda-para-el-bienestar-de-tus-mascotas\/?page_id=142"},"modified":"2024-04-11T04:15:35","modified_gmt":"2024-04-11T04:15:35","slug":"juguetes-para-perro","status":"publish","type":"page","link":"https:\/\/sadhuamorypata.com\/tienda-para-el-bienestar-de-tus-mascotas\/juguetes-para-perro\/","title":{"rendered":"Juguetes para perro"},"content":{"rendered":"\n<p>\u00a1Bienvenido a nuestra secci\u00f3n de Juguetes para perro! Aqu\u00ed encontrar\u00e1s una amplia variedad de juguetes dise\u00f1ados especialmente para mantener felices y activos a tus peludos amigos.<\/p>\n\n\n\n<p><strong>Tipos de juguetes disponibles:<\/strong><\/p>\n\n\n\n<ul style=\"color:#360068\" class=\"has-text-color has-link-color wp-elements-3bc3b2ba73b1376d037fa4169314547b\">\n<li><strong><a href=\"https:\/\/amzn.to\/4cGRhwl\">Juguetes de peluche:<\/a><\/strong> Perfectos para perros que les gusta abrazar y morder.<\/li>\n\n\n\n<li><strong><a href=\"https:\/\/amzn.to\/3TRZG7o\">Juguetes interactivos:<\/a><\/strong> Ideales para fomentar el juego y la actividad f\u00edsica.<\/li>\n\n\n\n<li><strong><a href=\"https:\/\/amzn.to\/4cQ8IKM\">Juguetes de goma:<\/a><\/strong> Duraderos y resistentes, ideales para perros que adoran morder.<\/li>\n\n\n\n<li><strong><a href=\"https:\/\/amzn.to\/3PVwn2O\">Juguetes para lanzar y recuperar:<\/a><\/strong> Para perros activos a los que les encanta correr y traer de vuelta los juguetes.<\/li>\n<\/ul>\n\n\n\n<h2 class=\"wp-block-heading has-text-align-center\">Conoce los mejores Juguetes para perros que tenemos en Amazon M\u00e9xico que te van a encantar! <\/h2>\n\n\n\n<p class=\"has-text-align-center\"><strong>\u00a1Solo da click en la imagen y explora en Amazon M\u00e9xico!<\/strong><\/p>\n\n\n\n<p class=\"has-text-align-center\"><strong><strong><u>Recuerda que tu compra es segura y con la garant\u00eda de Amazon M\u00e9xico<\/u><\/strong><\/strong><\/p>\n\n\n\n<div style=\"height:30px\" aria-hidden=\"true\" class=\"wp-block-spacer\"><\/div>\n\n\n\n<figure class=\"wp-block-image size-large\"><a href=\"https:\/\/amzn.to\/4cGRhwl\"><img loading=\"lazy\" decoding=\"async\" width=\"1024\" height=\"683\" src=\"https:\/\/sadhuamorypata.com\/wp-content\/uploads\/2024\/04\/sleeping-husky-puppy-with-blue-eyes-cuddling-with-2024-03-27-03-48-30-utc-1024x683.jpg\" alt=\"\" class=\"wp-image-247\" srcset=\"https:\/\/sadhuamorypata.com\/wp-content\/uploads\/2024\/04\/sleeping-husky-puppy-with-blue-eyes-cuddling-with-2024-03-27-03-48-30-utc-1024x683.jpg 1024w, https:\/\/sadhuamorypata.com\/wp-content\/uploads\/2024\/04\/sleeping-husky-puppy-with-blue-eyes-cuddling-with-2024-03-27-03-48-30-utc-300x200.jpg 300w, https:\/\/sadhuamorypata.com\/wp-content\/uploads\/2024\/04\/sleeping-husky-puppy-with-blue-eyes-cuddling-with-2024-03-27-03-48-30-utc-768x512.jpg 768w, https:\/\/sadhuamorypata.com\/wp-content\/uploads\/2024\/04\/sleeping-husky-puppy-with-blue-eyes-cuddling-with-2024-03-27-03-48-30-utc-1536x1025.jpg 1536w, https:\/\/sadhuamorypata.com\/wp-content\/uploads\/2024\/04\/sleeping-husky-puppy-with-blue-eyes-cuddling-with-2024-03-27-03-48-30-utc-2048x1366.jpg 2048w\" sizes=\"(max-width: 1024px) 100vw, 1024px\" \/><\/a><\/figure>\n\n\n\n<div class=\"wp-block-buttons is-content-justification-center is-layout-flex wp-container-core-buttons-is-layout-1 wp-block-buttons-is-layout-flex\">\n<div class=\"wp-block-button\"><a class=\"wp-block-button__link wp-element-button\" href=\"https:\/\/amzn.to\/4cGRhwl\">Ver m\u00e1s Juguetes de Peluche para perros en Amazon M\u00e9xico<\/a><\/div>\n<\/div>\n\n\n\n<div style=\"height:30px\" aria-hidden=\"true\" class=\"wp-block-spacer\"><\/div>\n\n\n<p >No products found.<\/p>\n\n\n<div class=\"wp-block-buttons is-content-justification-center is-layout-flex wp-container-core-buttons-is-layout-2 wp-block-buttons-is-layout-flex\">\n<div class=\"wp-block-button\"><a class=\"wp-block-button__link wp-element-button\" href=\"https:\/\/amzn.to\/3TRZG7o\">Ver m\u00e1s Juguetes Interactivos para perros en Amazon M\u00e9xico<\/a><\/div>\n<\/div>\n\n\n\n<div style=\"height:30px\" aria-hidden=\"true\" class=\"wp-block-spacer\"><\/div>\n\n\n\n<figure class=\"wp-block-image size-large\"><a href=\"https:\/\/amzn.to\/4cQ8IKM\"><img loading=\"lazy\" decoding=\"async\" width=\"1024\" height=\"683\" src=\"https:\/\/sadhuamorypata.com\/wp-content\/uploads\/2024\/04\/beagle-dog-biting-and-chewing-on-rubber-toy-on-a-f-2023-11-27-05-05-44-utc-1024x683.jpg\" alt=\"\" class=\"wp-image-252\" srcset=\"https:\/\/sadhuamorypata.com\/wp-content\/uploads\/2024\/04\/beagle-dog-biting-and-chewing-on-rubber-toy-on-a-f-2023-11-27-05-05-44-utc-1024x683.jpg 1024w, https:\/\/sadhuamorypata.com\/wp-content\/uploads\/2024\/04\/beagle-dog-biting-and-chewing-on-rubber-toy-on-a-f-2023-11-27-05-05-44-utc-300x200.jpg 300w, https:\/\/sadhuamorypata.com\/wp-content\/uploads\/2024\/04\/beagle-dog-biting-and-chewing-on-rubber-toy-on-a-f-2023-11-27-05-05-44-utc-768x512.jpg 768w, https:\/\/sadhuamorypata.com\/wp-content\/uploads\/2024\/04\/beagle-dog-biting-and-chewing-on-rubber-toy-on-a-f-2023-11-27-05-05-44-utc-1536x1024.jpg 1536w, https:\/\/sadhuamorypata.com\/wp-content\/uploads\/2024\/04\/beagle-dog-biting-and-chewing-on-rubber-toy-on-a-f-2023-11-27-05-05-44-utc-2048x1365.jpg 2048w\" sizes=\"(max-width: 1024px) 100vw, 1024px\" \/><\/a><\/figure>\n\n\n\n<div class=\"wp-block-buttons is-content-justification-center is-layout-flex wp-container-core-buttons-is-layout-3 wp-block-buttons-is-layout-flex\">\n<div class=\"wp-block-button\"><a class=\"wp-block-button__link wp-element-button\" href=\"https:\/\/amzn.to\/4cQ8IKM\">Ver m\u00e1s Juguetes de Goma para perros en Amazon<\/a><\/div>\n<\/div>\n\n\n\n<div style=\"height:30px\" aria-hidden=\"true\" class=\"wp-block-spacer\"><\/div>\n\n\n\n<figure class=\"wp-block-image size-large\"><a href=\"https:\/\/amzn.to\/3PVwn2O\"><img loading=\"lazy\" decoding=\"async\" width=\"1024\" height=\"684\" src=\"https:\/\/sadhuamorypata.com\/wp-content\/uploads\/2024\/04\/belgian-malinois-shepherd-dog-running-in-the-water-2023-11-27-05-26-08-utc-1-1024x684.jpg\" alt=\"\" class=\"wp-image-253\" srcset=\"https:\/\/sadhuamorypata.com\/wp-content\/uploads\/2024\/04\/belgian-malinois-shepherd-dog-running-in-the-water-2023-11-27-05-26-08-utc-1-1024x684.jpg 1024w, https:\/\/sadhuamorypata.com\/wp-content\/uploads\/2024\/04\/belgian-malinois-shepherd-dog-running-in-the-water-2023-11-27-05-26-08-utc-1-300x200.jpg 300w, https:\/\/sadhuamorypata.com\/wp-content\/uploads\/2024\/04\/belgian-malinois-shepherd-dog-running-in-the-water-2023-11-27-05-26-08-utc-1-768x513.jpg 768w, https:\/\/sadhuamorypata.com\/wp-content\/uploads\/2024\/04\/belgian-malinois-shepherd-dog-running-in-the-water-2023-11-27-05-26-08-utc-1-1536x1025.jpg 1536w, https:\/\/sadhuamorypata.com\/wp-content\/uploads\/2024\/04\/belgian-malinois-shepherd-dog-running-in-the-water-2023-11-27-05-26-08-utc-1-2048x1367.jpg 2048w\" sizes=\"(max-width: 1024px) 100vw, 1024px\" \/><\/a><\/figure>\n\n\n\n<div class=\"wp-block-buttons is-content-justification-center is-layout-flex wp-container-core-buttons-is-layout-4 wp-block-buttons-is-layout-flex\">\n<div class=\"wp-block-button\"><a class=\"wp-block-button__link wp-element-button\" href=\"https:\/\/amzn.to\/3PVwn2O\">Ver m\u00e1s Juguetes para lanzar y recuperar en Amazon<\/a><\/div>\n<\/div>\n\n\n\n<div style=\"height:30px\" aria-hidden=\"true\" class=\"wp-block-spacer\"><\/div>\n\n\n\n<div style=\"height:30px\" aria-hidden=\"true\" class=\"wp-block-spacer\"><\/div>\n\n\n\n<h2 class=\"wp-block-heading has-text-align-center\"><strong>Nuestros productos m\u00e1s vendidos de Juguetes para perros<\/strong><\/h2>\n\n\n\n<div style=\"height:30px\" aria-hidden=\"true\" class=\"wp-block-spacer\"><\/div>\n\n\n<p >No products found.<\/p>\n\n\n<p><strong>Beneficios de los juguetes para perro:<\/strong><\/p>\n\n\n\n<ul>\n<li>Estimulan la actividad f\u00edsica y mental.<\/li>\n\n\n\n<li>Ayudan a prevenir el aburrimiento y el comportamiento destructivo.<\/li>\n\n\n\n<li>Fortalecen el v\u00ednculo entre t\u00fa y tu mascota.<\/li>\n\n\n\n<li>Algunos juguetes ayudan a limpiar los dientes y fortalecer las enc\u00edas.<\/li>\n<\/ul>\n\n\n\n<p><strong>Preguntas frecuentes:<\/strong><\/p>\n\n\n\n<ul>\n<li>\u00bfQu\u00e9 tipo de juguete es adecuado para mi perro?<\/li>\n\n\n\n<li>\u00bfC\u00f3mo elijo un juguete seguro para mi mascota?<\/li>\n\n\n\n<li>\u00bfCon qu\u00e9 frecuencia debo cambiar los juguetes de mi perro?<\/li>\n\n\n\n<li>\u00bfQu\u00e9 hago si mi perro se traga un trozo de juguete?<\/li>\n<\/ul>\n\n\n\n<p><strong>\u00bfQu\u00e9 son los juguetes para perro?<\/strong> Los juguetes para perro son objetos dise\u00f1ados para entretener y estimular a nuestros compa\u00f1eros caninos. Est\u00e1n hechos con materiales seguros y resistentes para resistir las travesuras de tu mascota<\/p>\n\n\n\n<p>Explora nuestra selecci\u00f3n y encuentra el juguete perfecto para consentir a tu fiel amigo. \u00a1Tu perro te lo agradecer\u00e1 con cola wagging y muchas sonrisas!<\/p>\n","protected":false},"excerpt":{"rendered":"<p>\u00a1Bienvenido a nuestra secci\u00f3n de Juguetes para perro! Aqu\u00ed encontrar\u00e1s una amplia variedad de juguetes dise\u00f1ados especialmente para mantener felices y activos a tus peludos amigos. Tipos de juguetes disponibles: Conoce los mejores Juguetes para perros que tenemos en Amazon M\u00e9xico que te van a encantar! \u00a1Solo da click en la imagen y explora en [&hellip;]<\/p>\n","protected":false},"author":1,"featured_media":0,"parent":0,"menu_order":0,"comment_status":"closed","ping_status":"closed","template":"","meta":{"om_disable_all_campaigns":false,"_monsterinsights_skip_tracking":false,"_monsterinsights_sitenote_active":false,"_monsterinsights_sitenote_note":"","_monsterinsights_sitenote_category":0,"_uf_show_specific_survey":0,"_uf_disable_surveys":false,"footnotes":""},"yoast_head":"<!-- This site is optimized with the Yoast SEO plugin v22.7 - https:\/\/yoast.com\/wordpress\/plugins\/seo\/ -->\n<title>Juguetes para perro<\/title>\n<meta name=\"robots\" content=\"index, follow, max-snippet:-1, max-image-preview:large, max-video-preview:-1\" \/>\n<link rel=\"canonical\" href=\"https:\/\/sadhuamorypata.com\/tienda-para-el-bienestar-de-tus-mascotas\/juguetes-para-perro\/\" \/>\n<meta property=\"og:locale\" content=\"es_MX\" \/>\n<meta property=\"og:type\" content=\"article\" \/>\n<meta property=\"og:title\" content=\"Juguetes para perro\" \/>\n<meta property=\"og:description\" content=\"\u00a1Bienvenido a nuestra secci\u00f3n de Juguetes para perro! Aqu\u00ed encontrar\u00e1s una amplia variedad de juguetes dise\u00f1ados especialmente para mantener felices y activos a tus peludos amigos. Tipos de juguetes disponibles: Conoce los mejores Juguetes para perros que tenemos en Amazon M\u00e9xico que te van a encantar! \u00a1Solo da click en la imagen y explora en [&hellip;]\" \/>\n<meta property=\"og:url\" content=\"https:\/\/sadhuamorypata.com\/tienda-para-el-bienestar-de-tus-mascotas\/juguetes-para-perro\/\" \/>\n<meta property=\"og:site_name\" content=\"Sadhu Amor y Pata\" \/>\n<meta property=\"article:modified_time\" content=\"2024-04-11T04:15:35+00:00\" \/>\n<meta property=\"og:image\" content=\"https:\/\/sadhuamorypata.com\/wp-content\/uploads\/2024\/04\/sleeping-husky-puppy-with-blue-eyes-cuddling-with-2024-03-27-03-48-30-utc-1024x683.jpg\" \/>\n<meta name=\"twitter:card\" content=\"summary_large_image\" \/>\n<meta name=\"twitter:label1\" content=\"Tiempo de lectura\" \/>\n\t<meta name=\"twitter:data1\" content=\"3 minutos\" \/>\n<script type=\"application\/ld+json\" class=\"yoast-schema-graph\">{\"@context\":\"https:\/\/schema.org\",\"@graph\":[{\"@type\":\"WebPage\",\"@id\":\"https:\/\/sadhuamorypata.com\/tienda-para-el-bienestar-de-tus-mascotas\/juguetes-para-perro\/\",\"url\":\"https:\/\/sadhuamorypata.com\/tienda-para-el-bienestar-de-tus-mascotas\/juguetes-para-perro\/\",\"name\":\"Juguetes para perro\",\"isPartOf\":{\"@id\":\"https:\/\/sadhuamorypata.com\/tienda-para-el-bienestar-de-tus-mascotas\/#website\"},\"primaryImageOfPage\":{\"@id\":\"https:\/\/sadhuamorypata.com\/tienda-para-el-bienestar-de-tus-mascotas\/juguetes-para-perro\/#primaryimage\"},\"image\":{\"@id\":\"https:\/\/sadhuamorypata.com\/tienda-para-el-bienestar-de-tus-mascotas\/juguetes-para-perro\/#primaryimage\"},\"thumbnailUrl\":\"https:\/\/sadhuamorypata.com\/wp-content\/uploads\/2024\/04\/sleeping-husky-puppy-with-blue-eyes-cuddling-with-2024-03-27-03-48-30-utc-1024x683.jpg\",\"datePublished\":\"2024-04-03T01:38:08+00:00\",\"dateModified\":\"2024-04-11T04:15:35+00:00\",\"breadcrumb\":{\"@id\":\"https:\/\/sadhuamorypata.com\/tienda-para-el-bienestar-de-tus-mascotas\/juguetes-para-perro\/#breadcrumb\"},\"inLanguage\":\"es\",\"potentialAction\":[{\"@type\":\"ReadAction\",\"target\":[\"https:\/\/sadhuamorypata.com\/tienda-para-el-bienestar-de-tus-mascotas\/juguetes-para-perro\/\"]}]},{\"@type\":\"ImageObject\",\"inLanguage\":\"es\",\"@id\":\"https:\/\/sadhuamorypata.com\/tienda-para-el-bienestar-de-tus-mascotas\/juguetes-para-perro\/#primaryimage\",\"url\":\"https:\/\/sadhuamorypata.com\/wp-content\/uploads\/2024\/04\/sleeping-husky-puppy-with-blue-eyes-cuddling-with-2024-03-27-03-48-30-utc-1024x683.jpg\",\"contentUrl\":\"https:\/\/sadhuamorypata.com\/wp-content\/uploads\/2024\/04\/sleeping-husky-puppy-with-blue-eyes-cuddling-with-2024-03-27-03-48-30-utc-1024x683.jpg\"},{\"@type\":\"BreadcrumbList\",\"@id\":\"https:\/\/sadhuamorypata.com\/tienda-para-el-bienestar-de-tus-mascotas\/juguetes-para-perro\/#breadcrumb\",\"itemListElement\":[{\"@type\":\"ListItem\",\"position\":1,\"name\":\"Inicio\",\"item\":\"https:\/\/sadhuamorypata.com\/tienda-para-el-bienestar-de-tus-mascotas\/\"},{\"@type\":\"ListItem\",\"position\":2,\"name\":\"Juguetes para perro\"}]},{\"@type\":\"WebSite\",\"@id\":\"https:\/\/sadhuamorypata.com\/tienda-para-el-bienestar-de-tus-mascotas\/#website\",\"url\":\"https:\/\/sadhuamorypata.com\/tienda-para-el-bienestar-de-tus-mascotas\/\",\"name\":\"Art\u00edculos para mascotas\",\"description\":\"Queremos que todos los seres sean felices\",\"publisher\":{\"@id\":\"https:\/\/sadhuamorypata.com\/tienda-para-el-bienestar-de-tus-mascotas\/#organization\"},\"potentialAction\":[{\"@type\":\"SearchAction\",\"target\":{\"@type\":\"EntryPoint\",\"urlTemplate\":\"https:\/\/sadhuamorypata.com\/tienda-para-el-bienestar-de-tus-mascotas\/?s={search_term_string}\"},\"query-input\":\"required name=search_term_string\"}],\"inLanguage\":\"es\"},{\"@type\":\"Organization\",\"@id\":\"https:\/\/sadhuamorypata.com\/tienda-para-el-bienestar-de-tus-mascotas\/#organization\",\"name\":\"Sadhu Amor y Pata\",\"url\":\"https:\/\/sadhuamorypata.com\/tienda-para-el-bienestar-de-tus-mascotas\/\",\"logo\":{\"@type\":\"ImageObject\",\"inLanguage\":\"es\",\"@id\":\"https:\/\/sadhuamorypata.com\/tienda-para-el-bienestar-de-tus-mascotas\/#\/schema\/logo\/image\/\",\"url\":\"https:\/\/sadhuamorypata.com\/wp-content\/uploads\/2024\/04\/cropped-logo-transparent-1.png\",\"contentUrl\":\"https:\/\/sadhuamorypata.com\/wp-content\/uploads\/2024\/04\/cropped-logo-transparent-1.png\",\"width\":512,\"height\":512,\"caption\":\"Sadhu Amor y Pata\"},\"image\":{\"@id\":\"https:\/\/sadhuamorypata.com\/tienda-para-el-bienestar-de-tus-mascotas\/#\/schema\/logo\/image\/\"}}]}<\/script>\n<!-- \/ Yoast SEO plugin. -->","yoast_head_json":{"title":"Juguetes para perro","robots":{"index":"index","follow":"follow","max-snippet":"max-snippet:-1","max-image-preview":"max-image-preview:large","max-video-preview":"max-video-preview:-1"},"canonical":"https:\/\/sadhuamorypata.com\/tienda-para-el-bienestar-de-tus-mascotas\/juguetes-para-perro\/","og_locale":"es_MX","og_type":"article","og_title":"Juguetes para perro","og_description":"\u00a1Bienvenido a nuestra secci\u00f3n de Juguetes para perro! Aqu\u00ed encontrar\u00e1s una amplia variedad de juguetes dise\u00f1ados especialmente para mantener felices y activos a tus peludos amigos. Tipos de juguetes disponibles: Conoce los mejores Juguetes para perros que tenemos en Amazon M\u00e9xico que te van a encantar! \u00a1Solo da click en la imagen y explora en [&hellip;]","og_url":"https:\/\/sadhuamorypata.com\/tienda-para-el-bienestar-de-tus-mascotas\/juguetes-para-perro\/","og_site_name":"Sadhu Amor y Pata","article_modified_time":"2024-04-11T04:15:35+00:00","og_image":[{"url":"https:\/\/sadhuamorypata.com\/wp-content\/uploads\/2024\/04\/sleeping-husky-puppy-with-blue-eyes-cuddling-with-2024-03-27-03-48-30-utc-1024x683.jpg"}],"twitter_card":"summary_large_image","twitter_misc":{"Tiempo de lectura":"3 minutos"},"schema":{"@context":"https:\/\/schema.org","@graph":[{"@type":"WebPage","@id":"https:\/\/sadhuamorypata.com\/tienda-para-el-bienestar-de-tus-mascotas\/juguetes-para-perro\/","url":"https:\/\/sadhuamorypata.com\/tienda-para-el-bienestar-de-tus-mascotas\/juguetes-para-perro\/","name":"Juguetes para perro","isPartOf":{"@id":"https:\/\/sadhuamorypata.com\/tienda-para-el-bienestar-de-tus-mascotas\/#website"},"primaryImageOfPage":{"@id":"https:\/\/sadhuamorypata.com\/tienda-para-el-bienestar-de-tus-mascotas\/juguetes-para-perro\/#primaryimage"},"image":{"@id":"https:\/\/sadhuamorypata.com\/tienda-para-el-bienestar-de-tus-mascotas\/juguetes-para-perro\/#primaryimage"},"thumbnailUrl":"https:\/\/sadhuamorypata.com\/wp-content\/uploads\/2024\/04\/sleeping-husky-puppy-with-blue-eyes-cuddling-with-2024-03-27-03-48-30-utc-1024x683.jpg","datePublished":"2024-04-03T01:38:08+00:00","dateModified":"2024-04-11T04:15:35+00:00","breadcrumb":{"@id":"https:\/\/sadhuamorypata.com\/tienda-para-el-bienestar-de-tus-mascotas\/juguetes-para-perro\/#breadcrumb"},"inLanguage":"es","potentialAction":[{"@type":"ReadAction","target":["https:\/\/sadhuamorypata.com\/tienda-para-el-bienestar-de-tus-mascotas\/juguetes-para-perro\/"]}]},{"@type":"ImageObject","inLanguage":"es","@id":"https:\/\/sadhuamorypata.com\/tienda-para-el-bienestar-de-tus-mascotas\/juguetes-para-perro\/#primaryimage","url":"https:\/\/sadhuamorypata.com\/wp-content\/uploads\/2024\/04\/sleeping-husky-puppy-with-blue-eyes-cuddling-with-2024-03-27-03-48-30-utc-1024x683.jpg","contentUrl":"https:\/\/sadhuamorypata.com\/wp-content\/uploads\/2024\/04\/sleeping-husky-puppy-with-blue-eyes-cuddling-with-2024-03-27-03-48-30-utc-1024x683.jpg"},{"@type":"BreadcrumbList","@id":"https:\/\/sadhuamorypata.com\/tienda-para-el-bienestar-de-tus-mascotas\/juguetes-para-perro\/#breadcrumb","itemListElement":[{"@type":"ListItem","position":1,"name":"Inicio","item":"https:\/\/sadhuamorypata.com\/tienda-para-el-bienestar-de-tus-mascotas\/"},{"@type":"ListItem","position":2,"name":"Juguetes para perro"}]},{"@type":"WebSite","@id":"https:\/\/sadhuamorypata.com\/tienda-para-el-bienestar-de-tus-mascotas\/#website","url":"https:\/\/sadhuamorypata.com\/tienda-para-el-bienestar-de-tus-mascotas\/","name":"Art\u00edculos para mascotas","description":"Queremos que todos los seres sean felices","publisher":{"@id":"https:\/\/sadhuamorypata.com\/tienda-para-el-bienestar-de-tus-mascotas\/#organization"},"potentialAction":[{"@type":"SearchAction","target":{"@type":"EntryPoint","urlTemplate":"https:\/\/sadhuamorypata.com\/tienda-para-el-bienestar-de-tus-mascotas\/?s={search_term_string}"},"query-input":"required name=search_term_string"}],"inLanguage":"es"},{"@type":"Organization","@id":"https:\/\/sadhuamorypata.com\/tienda-para-el-bienestar-de-tus-mascotas\/#organization","name":"Sadhu Amor y Pata","url":"https:\/\/sadhuamorypata.com\/tienda-para-el-bienestar-de-tus-mascotas\/","logo":{"@type":"ImageObject","inLanguage":"es","@id":"https:\/\/sadhuamorypata.com\/tienda-para-el-bienestar-de-tus-mascotas\/#\/schema\/logo\/image\/","url":"https:\/\/sadhuamorypata.com\/wp-content\/uploads\/2024\/04\/cropped-logo-transparent-1.png","contentUrl":"https:\/\/sadhuamorypata.com\/wp-content\/uploads\/2024\/04\/cropped-logo-transparent-1.png","width":512,"height":512,"caption":"Sadhu Amor y Pata"},"image":{"@id":"https:\/\/sadhuamorypata.com\/tienda-para-el-bienestar-de-tus-mascotas\/#\/schema\/logo\/image\/"}}]}},"_links":{"self":[{"href":"https:\/\/sadhuamorypata.com\/tienda-para-el-bienestar-de-tus-mascotas\/wp-json\/wp\/v2\/pages\/142"}],"collection":[{"href":"https:\/\/sadhuamorypata.com\/tienda-para-el-bienestar-de-tus-mascotas\/wp-json\/wp\/v2\/pages"}],"about":[{"href":"https:\/\/sadhuamorypata.com\/tienda-para-el-bienestar-de-tus-mascotas\/wp-json\/wp\/v2\/types\/page"}],"author":[{"embeddable":true,"href":"https:\/\/sadhuamorypata.com\/tienda-para-el-bienestar-de-tus-mascotas\/wp-json\/wp\/v2\/users\/1"}],"replies":[{"embeddable":true,"href":"https:\/\/sadhuamorypata.com\/tienda-para-el-bienestar-de-tus-mascotas\/wp-json\/wp\/v2\/comments?post=142"}],"version-history":[{"count":19,"href":"https:\/\/sadhuamorypata.com\/tienda-para-el-bienestar-de-tus-mascotas\/wp-json\/wp\/v2\/pages\/142\/revisions"}],"predecessor-version":[{"id":336,"href":"https:\/\/sadhuamorypata.com\/tienda-para-el-bienestar-de-tus-mascotas\/wp-json\/wp\/v2\/pages\/142\/revisions\/336"}],"wp:attachment":[{"href":"https:\/\/sadhuamorypata.com\/tienda-para-el-bienestar-de-tus-mascotas\/wp-json\/wp\/v2\/media?parent=142"}],"curies":[{"name":"wp","href":"https:\/\/api.w.org\/{rel}","templated":true}]}}