{"id":150,"date":"2024-04-03T01:52:18","date_gmt":"2024-04-03T01:52:18","guid":{"rendered":"https:\/\/sadhuamorypata.com\/tienda-para-el-bienestar-de-tus-mascotas\/?page_id=150"},"modified":"2024-04-12T03:54:27","modified_gmt":"2024-04-12T03:54:27","slug":"ropa-y-moda-para-perros","status":"publish","type":"page","link":"https:\/\/sadhuamorypata.com\/tienda-para-el-bienestar-de-tus-mascotas\/ropa-y-moda-para-perros\/","title":{"rendered":"Ropa y moda para perros"},"content":{"rendered":"\n<p>\u00a1Descubre la moda canina m\u00e1s exclusiva y haz que tu perro luzca con estilo! En nuestra tienda encontrar\u00e1s una amplia selecci\u00f3n de ropa y accesorios de moda para perros, dise\u00f1ados para hacer que tu mascota se vea y se sienta genial en cualquier ocasi\u00f3n.<\/p>\n\n\n\n<p><strong>Tipos de ropa y moda para perros disponibles:<\/strong><\/p>\n\n\n\n<ul style=\"color:#2f005b\" class=\"has-text-color has-link-color wp-elements-f496749fd675b5766b96b8164539d7da\">\n<li><strong><a href=\"https:\/\/amzn.to\/3VVbAQL\">Abrigos y chaquetas:<\/a><\/strong> Para proteger a tu perro del fr\u00edo y la lluvia.<\/li>\n\n\n\n<li><strong><a href=\"https:\/\/amzn.to\/49BPS7g\">Su\u00e9teres y sudaderas:<\/a><\/strong> Para mantener a tu perro abrigado y c\u00f3modo en climas frescos.<\/li>\n\n\n\n<li><strong><a href=\"https:\/\/amzn.to\/4cQmIUX\">Camisetas y vestidos:<\/a><\/strong> Para ocasiones especiales o simplemente para darle un toque de estilo a tu mascota.<\/li>\n\n\n\n<li><strong><a href=\"https:\/\/amzn.to\/4cTsepO\">Accesorios para el cabello:<\/a><\/strong> Como lazos y pinzas, para darle un toque \u00fanico al look de tu perro.<\/li>\n\n\n\n<li><strong><a href=\"https:\/\/amzn.to\/3vWDiSj\">Collares y correas de moda:<\/a><\/strong> Para complementar el estilo de tu perro y darle un toque elegante.<\/li>\n<\/ul>\n\n\n\n<div style=\"height:39px\" aria-hidden=\"true\" class=\"wp-block-spacer\"><\/div>\n\n\n\n<h2 class=\"wp-block-heading has-text-align-center\">\u00a1Conoce la mejor ropa y moda para perros que tenemos en Amazon M\u00e9xico que te van a encantar!<\/h2>\n\n\n\n<p class=\"has-text-align-center\"><strong>\u00a1Solo da click en la imagen y explora en Amazon M\u00e9xico!<\/strong><\/p>\n\n\n\n<p class=\"has-text-align-center\"><strong><u>Recuerda que tu compra es segura y con la garant\u00eda de Amazon M\u00e9xico<\/u><\/strong><\/p>\n\n\n\n<div style=\"height:34px\" aria-hidden=\"true\" class=\"wp-block-spacer\"><\/div>\n\n\n\n<figure class=\"wp-block-image size-large\"><a href=\"https:\/\/amzn.to\/3VVbAQL\"><img loading=\"lazy\" decoding=\"async\" width=\"1024\" height=\"683\" src=\"https:\/\/sadhuamorypata.com\/wp-content\/uploads\/2024\/04\/cute-jack-russell-dog-in-snowy-mountain-wearing-co-2023-11-27-05-06-44-utc-1024x683.jpg\" alt=\"\" class=\"wp-image-357\" srcset=\"https:\/\/sadhuamorypata.com\/wp-content\/uploads\/2024\/04\/cute-jack-russell-dog-in-snowy-mountain-wearing-co-2023-11-27-05-06-44-utc-1024x683.jpg 1024w, https:\/\/sadhuamorypata.com\/wp-content\/uploads\/2024\/04\/cute-jack-russell-dog-in-snowy-mountain-wearing-co-2023-11-27-05-06-44-utc-300x200.jpg 300w, https:\/\/sadhuamorypata.com\/wp-content\/uploads\/2024\/04\/cute-jack-russell-dog-in-snowy-mountain-wearing-co-2023-11-27-05-06-44-utc-768x512.jpg 768w, https:\/\/sadhuamorypata.com\/wp-content\/uploads\/2024\/04\/cute-jack-russell-dog-in-snowy-mountain-wearing-co-2023-11-27-05-06-44-utc-1536x1024.jpg 1536w, https:\/\/sadhuamorypata.com\/wp-content\/uploads\/2024\/04\/cute-jack-russell-dog-in-snowy-mountain-wearing-co-2023-11-27-05-06-44-utc-2048x1365.jpg 2048w\" sizes=\"(max-width: 1024px) 100vw, 1024px\" \/><\/a><\/figure>\n\n\n\n<div class=\"wp-block-buttons is-content-justification-center is-layout-flex wp-container-core-buttons-is-layout-1 wp-block-buttons-is-layout-flex\">\n<div class=\"wp-block-button\"><a class=\"wp-block-button__link wp-element-button\" href=\"https:\/\/amzn.to\/3VVbAQL\">Ver m\u00e1s Abrigos y Chaquetas para perros en Amazon M\u00e9xico <\/a><\/div>\n<\/div>\n\n\n\n<div style=\"height:30px\" aria-hidden=\"true\" class=\"wp-block-spacer\"><\/div>\n\n\n\n<figure class=\"wp-block-image size-large\"><a href=\"https:\/\/amzn.to\/49BPS7g\"><img loading=\"lazy\" decoding=\"async\" width=\"1024\" height=\"683\" src=\"https:\/\/sadhuamorypata.com\/wp-content\/uploads\/2024\/04\/adorable-fawn-dog-labrador-in-a-red-sweater-2023-11-27-05-36-04-utc-1024x683.jpg\" alt=\"\" class=\"wp-image-358\" srcset=\"https:\/\/sadhuamorypata.com\/wp-content\/uploads\/2024\/04\/adorable-fawn-dog-labrador-in-a-red-sweater-2023-11-27-05-36-04-utc-1024x683.jpg 1024w, https:\/\/sadhuamorypata.com\/wp-content\/uploads\/2024\/04\/adorable-fawn-dog-labrador-in-a-red-sweater-2023-11-27-05-36-04-utc-300x200.jpg 300w, https:\/\/sadhuamorypata.com\/wp-content\/uploads\/2024\/04\/adorable-fawn-dog-labrador-in-a-red-sweater-2023-11-27-05-36-04-utc-768x512.jpg 768w, https:\/\/sadhuamorypata.com\/wp-content\/uploads\/2024\/04\/adorable-fawn-dog-labrador-in-a-red-sweater-2023-11-27-05-36-04-utc-1536x1024.jpg 1536w, https:\/\/sadhuamorypata.com\/wp-content\/uploads\/2024\/04\/adorable-fawn-dog-labrador-in-a-red-sweater-2023-11-27-05-36-04-utc-2048x1365.jpg 2048w\" sizes=\"(max-width: 1024px) 100vw, 1024px\" \/><\/a><\/figure>\n\n\n\n<div class=\"wp-block-buttons is-content-justification-center is-layout-flex wp-container-core-buttons-is-layout-2 wp-block-buttons-is-layout-flex\">\n<div class=\"wp-block-button\"><a class=\"wp-block-button__link wp-element-button\" href=\"https:\/\/amzn.to\/49BPS7g\">Ver m\u00e1s Su\u00e9teres y Sudaderas en Amazon M\u00e9xico<\/a><\/div>\n<\/div>\n\n\n\n<div style=\"height:30px\" aria-hidden=\"true\" class=\"wp-block-spacer\"><\/div>\n\n\n\n<figure class=\"wp-block-image size-large\"><a href=\"https:\/\/amzn.to\/4cQmIUX\"><img loading=\"lazy\" decoding=\"async\" width=\"1024\" height=\"683\" src=\"https:\/\/sadhuamorypata.com\/wp-content\/uploads\/2024\/04\/adorable-french-bulldog-in-a-colorful-field-of-tul-2023-11-27-05-35-13-utc-1024x683.jpg\" alt=\"\" class=\"wp-image-359\" srcset=\"https:\/\/sadhuamorypata.com\/wp-content\/uploads\/2024\/04\/adorable-french-bulldog-in-a-colorful-field-of-tul-2023-11-27-05-35-13-utc-1024x683.jpg 1024w, https:\/\/sadhuamorypata.com\/wp-content\/uploads\/2024\/04\/adorable-french-bulldog-in-a-colorful-field-of-tul-2023-11-27-05-35-13-utc-300x200.jpg 300w, https:\/\/sadhuamorypata.com\/wp-content\/uploads\/2024\/04\/adorable-french-bulldog-in-a-colorful-field-of-tul-2023-11-27-05-35-13-utc-768x512.jpg 768w, https:\/\/sadhuamorypata.com\/wp-content\/uploads\/2024\/04\/adorable-french-bulldog-in-a-colorful-field-of-tul-2023-11-27-05-35-13-utc-1536x1024.jpg 1536w, https:\/\/sadhuamorypata.com\/wp-content\/uploads\/2024\/04\/adorable-french-bulldog-in-a-colorful-field-of-tul-2023-11-27-05-35-13-utc-2048x1365.jpg 2048w\" sizes=\"(max-width: 1024px) 100vw, 1024px\" \/><\/a><\/figure>\n\n\n\n<div class=\"wp-block-buttons is-content-justification-center is-layout-flex wp-container-core-buttons-is-layout-3 wp-block-buttons-is-layout-flex\">\n<div class=\"wp-block-button\"><a class=\"wp-block-button__link wp-element-button\" href=\"https:\/\/amzn.to\/4cQmIUX\">Ver m\u00e1s Camisetas y Vestidos en Amazon M\u00e9xico<\/a><\/div>\n<\/div>\n\n\n\n<div style=\"height:29px\" aria-hidden=\"true\" class=\"wp-block-spacer\"><\/div>\n\n\n\n<figure class=\"wp-block-image size-large\"><img loading=\"lazy\" decoding=\"async\" width=\"1024\" height=\"683\" src=\"https:\/\/sadhuamorypata.com\/wp-content\/uploads\/2024\/04\/lovely-puppy-of-female-yorkshire-terrier-small-dog-2023-11-27-05-16-28-utc-3-1024x683.jpg\" alt=\"\" class=\"wp-image-373\" srcset=\"https:\/\/sadhuamorypata.com\/wp-content\/uploads\/2024\/04\/lovely-puppy-of-female-yorkshire-terrier-small-dog-2023-11-27-05-16-28-utc-3-1024x683.jpg 1024w, https:\/\/sadhuamorypata.com\/wp-content\/uploads\/2024\/04\/lovely-puppy-of-female-yorkshire-terrier-small-dog-2023-11-27-05-16-28-utc-3-300x200.jpg 300w, https:\/\/sadhuamorypata.com\/wp-content\/uploads\/2024\/04\/lovely-puppy-of-female-yorkshire-terrier-small-dog-2023-11-27-05-16-28-utc-3-768x512.jpg 768w, https:\/\/sadhuamorypata.com\/wp-content\/uploads\/2024\/04\/lovely-puppy-of-female-yorkshire-terrier-small-dog-2023-11-27-05-16-28-utc-3-1536x1024.jpg 1536w, https:\/\/sadhuamorypata.com\/wp-content\/uploads\/2024\/04\/lovely-puppy-of-female-yorkshire-terrier-small-dog-2023-11-27-05-16-28-utc-3-2048x1365.jpg 2048w\" sizes=\"(max-width: 1024px) 100vw, 1024px\" \/><\/figure>\n\n\n\n<div class=\"wp-block-buttons is-content-justification-center is-layout-flex wp-container-core-buttons-is-layout-4 wp-block-buttons-is-layout-flex\">\n<div class=\"wp-block-button\"><a class=\"wp-block-button__link wp-element-button\" href=\"https:\/\/amzn.to\/4cTsepO\">Ver m\u00e1s Accesorios para el cabello en Amazon M\u00e9xico <\/a><\/div>\n<\/div>\n\n\n\n<div style=\"height:30px\" aria-hidden=\"true\" class=\"wp-block-spacer\"><\/div>\n\n\n\n<figure class=\"wp-block-image size-large\"><a href=\"https:\/\/amzn.to\/3vWDiSj\"><img loading=\"lazy\" decoding=\"async\" width=\"1024\" height=\"683\" src=\"https:\/\/sadhuamorypata.com\/wp-content\/uploads\/2024\/04\/woman-holding-and-putting-on-collar-for-rottweiler-2023-11-27-05-25-52-utc-1-1024x683.jpg\" alt=\"\" class=\"wp-image-362\" srcset=\"https:\/\/sadhuamorypata.com\/wp-content\/uploads\/2024\/04\/woman-holding-and-putting-on-collar-for-rottweiler-2023-11-27-05-25-52-utc-1-1024x683.jpg 1024w, https:\/\/sadhuamorypata.com\/wp-content\/uploads\/2024\/04\/woman-holding-and-putting-on-collar-for-rottweiler-2023-11-27-05-25-52-utc-1-300x200.jpg 300w, https:\/\/sadhuamorypata.com\/wp-content\/uploads\/2024\/04\/woman-holding-and-putting-on-collar-for-rottweiler-2023-11-27-05-25-52-utc-1-768x512.jpg 768w, https:\/\/sadhuamorypata.com\/wp-content\/uploads\/2024\/04\/woman-holding-and-putting-on-collar-for-rottweiler-2023-11-27-05-25-52-utc-1-1536x1025.jpg 1536w, https:\/\/sadhuamorypata.com\/wp-content\/uploads\/2024\/04\/woman-holding-and-putting-on-collar-for-rottweiler-2023-11-27-05-25-52-utc-1-2048x1366.jpg 2048w\" sizes=\"(max-width: 1024px) 100vw, 1024px\" \/><\/a><\/figure>\n\n\n\n<div class=\"wp-block-buttons is-content-justification-center is-layout-flex wp-container-core-buttons-is-layout-5 wp-block-buttons-is-layout-flex\">\n<div class=\"wp-block-button\"><a class=\"wp-block-button__link wp-element-button\" href=\"https:\/\/amzn.to\/3vWDiSj\">Ver m\u00e1s Collares y correas de moda en Amazon M\u00e9xico<\/a><\/div>\n<\/div>\n\n\n\n<div style=\"height:50px\" aria-hidden=\"true\" class=\"wp-block-spacer\"><\/div>\n\n\n\n<h2 class=\"wp-block-heading has-text-align-center\"><strong>Nuestros productos m\u00e1s vendidos de ropa y moda para perros<\/strong><\/h2>\n\n\n\n<div style=\"height:37px\" aria-hidden=\"true\" class=\"wp-block-spacer\"><\/div>\n\n\n<p >No products found.<\/p>\n\n\n<p><strong>Beneficios de la ropa y moda para perros:<\/strong><\/p>\n\n\n\n<ul>\n<li>Protegen a tu perro del fr\u00edo, la lluvia y otras condiciones clim\u00e1ticas.<\/li>\n\n\n\n<li>Ayudan a mantener a tu perro limpio y protegido mientras est\u00e1 en exteriores.<\/li>\n\n\n\n<li>Permiten expresar la personalidad y estilo \u00fanico de tu mascota.<\/li>\n\n\n\n<li>Algunas prendas pueden ayudar a reducir la ansiedad en perros nerviosos.<\/li>\n<\/ul>\n\n\n\n<p><strong>Preguntas frecuentes:<\/strong><\/p>\n\n\n\n<ul>\n<li><strong>\u00bfC\u00f3mo s\u00e9 qu\u00e9 talla de ropa es la adecuada para mi perro?<\/strong>\n<ul>\n<li>Debes medir a tu perro desde la base del cuello hasta la base de la cola, y alrededor del cuello y el pecho. Consulta las tablas de tallas de los productos para elegir la adecuada.<\/li>\n<\/ul>\n<\/li>\n\n\n\n<li><strong>\u00bfEs seguro ponerle ropa a mi perro?<\/strong>\n<ul>\n<li>S\u00ed, siempre y cuando la ropa sea c\u00f3moda y no restrinja el movimiento de tu perro. Aseg\u00farate de supervisarlo mientras use la ropa.<\/li>\n<\/ul>\n<\/li>\n\n\n\n<li><strong>\u00bfC\u00f3mo debo lavar la ropa de mi perro?<\/strong>\n<ul>\n<li>La mayor\u00eda de las prendas de ropa para perros se pueden lavar a m\u00e1quina en agua fr\u00eda y secar al aire. Consulta las instrucciones espec\u00edficas de cada producto.<\/li>\n<\/ul>\n<\/li>\n<\/ul>\n\n\n\n<p>Explora nuestra colecci\u00f3n de ropa y moda para perros y haz que tu mascota sea la envidia del parque. \u00a1Haz que cada paseo sea una pasarela de moda!<\/p>\n\n\n\n<h2 class=\"wp-block-heading has-text-align-center\"><\/h2>\n","protected":false},"excerpt":{"rendered":"<p>\u00a1Descubre la moda canina m\u00e1s exclusiva y haz que tu perro luzca con estilo! En nuestra tienda encontrar\u00e1s una amplia selecci\u00f3n de ropa y accesorios de moda para perros, dise\u00f1ados para hacer que tu mascota se vea y se sienta genial en cualquier ocasi\u00f3n. Tipos de ropa y moda para perros disponibles: \u00a1Conoce la mejor [&hellip;]<\/p>\n","protected":false},"author":1,"featured_media":0,"parent":0,"menu_order":0,"comment_status":"closed","ping_status":"closed","template":"","meta":{"om_disable_all_campaigns":false,"_monsterinsights_skip_tracking":false,"_monsterinsights_sitenote_active":false,"_monsterinsights_sitenote_note":"","_monsterinsights_sitenote_category":0,"_uf_show_specific_survey":0,"_uf_disable_surveys":false,"footnotes":""},"yoast_head":"<!-- This site is optimized with the Yoast SEO plugin v22.7 - https:\/\/yoast.com\/wordpress\/plugins\/seo\/ -->\n<title>Ropa y moda para perros<\/title>\n<meta name=\"robots\" content=\"index, follow, max-snippet:-1, max-image-preview:large, max-video-preview:-1\" \/>\n<link rel=\"canonical\" href=\"https:\/\/sadhuamorypata.com\/tienda-para-el-bienestar-de-tus-mascotas\/ropa-y-moda-para-perros\/\" \/>\n<meta property=\"og:locale\" content=\"es_MX\" \/>\n<meta property=\"og:type\" content=\"article\" \/>\n<meta property=\"og:title\" content=\"Ropa y moda para perros\" \/>\n<meta property=\"og:description\" content=\"\u00a1Descubre la moda canina m\u00e1s exclusiva y haz que tu perro luzca con estilo! En nuestra tienda encontrar\u00e1s una amplia selecci\u00f3n de ropa y accesorios de moda para perros, dise\u00f1ados para hacer que tu mascota se vea y se sienta genial en cualquier ocasi\u00f3n. Tipos de ropa y moda para perros disponibles: \u00a1Conoce la mejor [&hellip;]\" \/>\n<meta property=\"og:url\" content=\"https:\/\/sadhuamorypata.com\/tienda-para-el-bienestar-de-tus-mascotas\/ropa-y-moda-para-perros\/\" \/>\n<meta property=\"og:site_name\" content=\"Sadhu Amor y Pata\" \/>\n<meta property=\"article:modified_time\" content=\"2024-04-12T03:54:27+00:00\" \/>\n<meta property=\"og:image\" content=\"https:\/\/sadhuamorypata.com\/wp-content\/uploads\/2024\/04\/cute-jack-russell-dog-in-snowy-mountain-wearing-co-2023-11-27-05-06-44-utc-1024x683.jpg\" \/>\n<meta name=\"twitter:card\" content=\"summary_large_image\" \/>\n<meta name=\"twitter:label1\" content=\"Tiempo de lectura\" \/>\n\t<meta name=\"twitter:data1\" content=\"3 minutos\" \/>\n<script type=\"application\/ld+json\" class=\"yoast-schema-graph\">{\"@context\":\"https:\/\/schema.org\",\"@graph\":[{\"@type\":\"WebPage\",\"@id\":\"https:\/\/sadhuamorypata.com\/tienda-para-el-bienestar-de-tus-mascotas\/ropa-y-moda-para-perros\/\",\"url\":\"https:\/\/sadhuamorypata.com\/tienda-para-el-bienestar-de-tus-mascotas\/ropa-y-moda-para-perros\/\",\"name\":\"Ropa y moda para perros\",\"isPartOf\":{\"@id\":\"https:\/\/sadhuamorypata.com\/tienda-para-el-bienestar-de-tus-mascotas\/#website\"},\"primaryImageOfPage\":{\"@id\":\"https:\/\/sadhuamorypata.com\/tienda-para-el-bienestar-de-tus-mascotas\/ropa-y-moda-para-perros\/#primaryimage\"},\"image\":{\"@id\":\"https:\/\/sadhuamorypata.com\/tienda-para-el-bienestar-de-tus-mascotas\/ropa-y-moda-para-perros\/#primaryimage\"},\"thumbnailUrl\":\"https:\/\/sadhuamorypata.com\/wp-content\/uploads\/2024\/04\/cute-jack-russell-dog-in-snowy-mountain-wearing-co-2023-11-27-05-06-44-utc-1024x683.jpg\",\"datePublished\":\"2024-04-03T01:52:18+00:00\",\"dateModified\":\"2024-04-12T03:54:27+00:00\",\"breadcrumb\":{\"@id\":\"https:\/\/sadhuamorypata.com\/tienda-para-el-bienestar-de-tus-mascotas\/ropa-y-moda-para-perros\/#breadcrumb\"},\"inLanguage\":\"es\",\"potentialAction\":[{\"@type\":\"ReadAction\",\"target\":[\"https:\/\/sadhuamorypata.com\/tienda-para-el-bienestar-de-tus-mascotas\/ropa-y-moda-para-perros\/\"]}]},{\"@type\":\"ImageObject\",\"inLanguage\":\"es\",\"@id\":\"https:\/\/sadhuamorypata.com\/tienda-para-el-bienestar-de-tus-mascotas\/ropa-y-moda-para-perros\/#primaryimage\",\"url\":\"https:\/\/sadhuamorypata.com\/wp-content\/uploads\/2024\/04\/cute-jack-russell-dog-in-snowy-mountain-wearing-co-2023-11-27-05-06-44-utc-1024x683.jpg\",\"contentUrl\":\"https:\/\/sadhuamorypata.com\/wp-content\/uploads\/2024\/04\/cute-jack-russell-dog-in-snowy-mountain-wearing-co-2023-11-27-05-06-44-utc-1024x683.jpg\"},{\"@type\":\"BreadcrumbList\",\"@id\":\"https:\/\/sadhuamorypata.com\/tienda-para-el-bienestar-de-tus-mascotas\/ropa-y-moda-para-perros\/#breadcrumb\",\"itemListElement\":[{\"@type\":\"ListItem\",\"position\":1,\"name\":\"Inicio\",\"item\":\"https:\/\/sadhuamorypata.com\/tienda-para-el-bienestar-de-tus-mascotas\/\"},{\"@type\":\"ListItem\",\"position\":2,\"name\":\"Ropa y moda para perros\"}]},{\"@type\":\"WebSite\",\"@id\":\"https:\/\/sadhuamorypata.com\/tienda-para-el-bienestar-de-tus-mascotas\/#website\",\"url\":\"https:\/\/sadhuamorypata.com\/tienda-para-el-bienestar-de-tus-mascotas\/\",\"name\":\"Art\u00edculos para mascotas\",\"description\":\"Queremos que todos los seres sean felices\",\"publisher\":{\"@id\":\"https:\/\/sadhuamorypata.com\/tienda-para-el-bienestar-de-tus-mascotas\/#organization\"},\"potentialAction\":[{\"@type\":\"SearchAction\",\"target\":{\"@type\":\"EntryPoint\",\"urlTemplate\":\"https:\/\/sadhuamorypata.com\/tienda-para-el-bienestar-de-tus-mascotas\/?s={search_term_string}\"},\"query-input\":\"required name=search_term_string\"}],\"inLanguage\":\"es\"},{\"@type\":\"Organization\",\"@id\":\"https:\/\/sadhuamorypata.com\/tienda-para-el-bienestar-de-tus-mascotas\/#organization\",\"name\":\"Sadhu Amor y Pata\",\"url\":\"https:\/\/sadhuamorypata.com\/tienda-para-el-bienestar-de-tus-mascotas\/\",\"logo\":{\"@type\":\"ImageObject\",\"inLanguage\":\"es\",\"@id\":\"https:\/\/sadhuamorypata.com\/tienda-para-el-bienestar-de-tus-mascotas\/#\/schema\/logo\/image\/\",\"url\":\"https:\/\/sadhuamorypata.com\/wp-content\/uploads\/2024\/04\/cropped-logo-transparent-1.png\",\"contentUrl\":\"https:\/\/sadhuamorypata.com\/wp-content\/uploads\/2024\/04\/cropped-logo-transparent-1.png\",\"width\":512,\"height\":512,\"caption\":\"Sadhu Amor y Pata\"},\"image\":{\"@id\":\"https:\/\/sadhuamorypata.com\/tienda-para-el-bienestar-de-tus-mascotas\/#\/schema\/logo\/image\/\"}}]}<\/script>\n<!-- \/ Yoast SEO plugin. -->","yoast_head_json":{"title":"Ropa y moda para perros","robots":{"index":"index","follow":"follow","max-snippet":"max-snippet:-1","max-image-preview":"max-image-preview:large","max-video-preview":"max-video-preview:-1"},"canonical":"https:\/\/sadhuamorypata.com\/tienda-para-el-bienestar-de-tus-mascotas\/ropa-y-moda-para-perros\/","og_locale":"es_MX","og_type":"article","og_title":"Ropa y moda para perros","og_description":"\u00a1Descubre la moda canina m\u00e1s exclusiva y haz que tu perro luzca con estilo! En nuestra tienda encontrar\u00e1s una amplia selecci\u00f3n de ropa y accesorios de moda para perros, dise\u00f1ados para hacer que tu mascota se vea y se sienta genial en cualquier ocasi\u00f3n. Tipos de ropa y moda para perros disponibles: \u00a1Conoce la mejor [&hellip;]","og_url":"https:\/\/sadhuamorypata.com\/tienda-para-el-bienestar-de-tus-mascotas\/ropa-y-moda-para-perros\/","og_site_name":"Sadhu Amor y Pata","article_modified_time":"2024-04-12T03:54:27+00:00","og_image":[{"url":"https:\/\/sadhuamorypata.com\/wp-content\/uploads\/2024\/04\/cute-jack-russell-dog-in-snowy-mountain-wearing-co-2023-11-27-05-06-44-utc-1024x683.jpg"}],"twitter_card":"summary_large_image","twitter_misc":{"Tiempo de lectura":"3 minutos"},"schema":{"@context":"https:\/\/schema.org","@graph":[{"@type":"WebPage","@id":"https:\/\/sadhuamorypata.com\/tienda-para-el-bienestar-de-tus-mascotas\/ropa-y-moda-para-perros\/","url":"https:\/\/sadhuamorypata.com\/tienda-para-el-bienestar-de-tus-mascotas\/ropa-y-moda-para-perros\/","name":"Ropa y moda para perros","isPartOf":{"@id":"https:\/\/sadhuamorypata.com\/tienda-para-el-bienestar-de-tus-mascotas\/#website"},"primaryImageOfPage":{"@id":"https:\/\/sadhuamorypata.com\/tienda-para-el-bienestar-de-tus-mascotas\/ropa-y-moda-para-perros\/#primaryimage"},"image":{"@id":"https:\/\/sadhuamorypata.com\/tienda-para-el-bienestar-de-tus-mascotas\/ropa-y-moda-para-perros\/#primaryimage"},"thumbnailUrl":"https:\/\/sadhuamorypata.com\/wp-content\/uploads\/2024\/04\/cute-jack-russell-dog-in-snowy-mountain-wearing-co-2023-11-27-05-06-44-utc-1024x683.jpg","datePublished":"2024-04-03T01:52:18+00:00","dateModified":"2024-04-12T03:54:27+00:00","breadcrumb":{"@id":"https:\/\/sadhuamorypata.com\/tienda-para-el-bienestar-de-tus-mascotas\/ropa-y-moda-para-perros\/#breadcrumb"},"inLanguage":"es","potentialAction":[{"@type":"ReadAction","target":["https:\/\/sadhuamorypata.com\/tienda-para-el-bienestar-de-tus-mascotas\/ropa-y-moda-para-perros\/"]}]},{"@type":"ImageObject","inLanguage":"es","@id":"https:\/\/sadhuamorypata.com\/tienda-para-el-bienestar-de-tus-mascotas\/ropa-y-moda-para-perros\/#primaryimage","url":"https:\/\/sadhuamorypata.com\/wp-content\/uploads\/2024\/04\/cute-jack-russell-dog-in-snowy-mountain-wearing-co-2023-11-27-05-06-44-utc-1024x683.jpg","contentUrl":"https:\/\/sadhuamorypata.com\/wp-content\/uploads\/2024\/04\/cute-jack-russell-dog-in-snowy-mountain-wearing-co-2023-11-27-05-06-44-utc-1024x683.jpg"},{"@type":"BreadcrumbList","@id":"https:\/\/sadhuamorypata.com\/tienda-para-el-bienestar-de-tus-mascotas\/ropa-y-moda-para-perros\/#breadcrumb","itemListElement":[{"@type":"ListItem","position":1,"name":"Inicio","item":"https:\/\/sadhuamorypata.com\/tienda-para-el-bienestar-de-tus-mascotas\/"},{"@type":"ListItem","position":2,"name":"Ropa y moda para perros"}]},{"@type":"WebSite","@id":"https:\/\/sadhuamorypata.com\/tienda-para-el-bienestar-de-tus-mascotas\/#website","url":"https:\/\/sadhuamorypata.com\/tienda-para-el-bienestar-de-tus-mascotas\/","name":"Art\u00edculos para mascotas","description":"Queremos que todos los seres sean felices","publisher":{"@id":"https:\/\/sadhuamorypata.com\/tienda-para-el-bienestar-de-tus-mascotas\/#organization"},"potentialAction":[{"@type":"SearchAction","target":{"@type":"EntryPoint","urlTemplate":"https:\/\/sadhuamorypata.com\/tienda-para-el-bienestar-de-tus-mascotas\/?s={search_term_string}"},"query-input":"required name=search_term_string"}],"inLanguage":"es"},{"@type":"Organization","@id":"https:\/\/sadhuamorypata.com\/tienda-para-el-bienestar-de-tus-mascotas\/#organization","name":"Sadhu Amor y Pata","url":"https:\/\/sadhuamorypata.com\/tienda-para-el-bienestar-de-tus-mascotas\/","logo":{"@type":"ImageObject","inLanguage":"es","@id":"https:\/\/sadhuamorypata.com\/tienda-para-el-bienestar-de-tus-mascotas\/#\/schema\/logo\/image\/","url":"https:\/\/sadhuamorypata.com\/wp-content\/uploads\/2024\/04\/cropped-logo-transparent-1.png","contentUrl":"https:\/\/sadhuamorypata.com\/wp-content\/uploads\/2024\/04\/cropped-logo-transparent-1.png","width":512,"height":512,"caption":"Sadhu Amor y Pata"},"image":{"@id":"https:\/\/sadhuamorypata.com\/tienda-para-el-bienestar-de-tus-mascotas\/#\/schema\/logo\/image\/"}}]}},"_links":{"self":[{"href":"https:\/\/sadhuamorypata.com\/tienda-para-el-bienestar-de-tus-mascotas\/wp-json\/wp\/v2\/pages\/150"}],"collection":[{"href":"https:\/\/sadhuamorypata.com\/tienda-para-el-bienestar-de-tus-mascotas\/wp-json\/wp\/v2\/pages"}],"about":[{"href":"https:\/\/sadhuamorypata.com\/tienda-para-el-bienestar-de-tus-mascotas\/wp-json\/wp\/v2\/types\/page"}],"author":[{"embeddable":true,"href":"https:\/\/sadhuamorypata.com\/tienda-para-el-bienestar-de-tus-mascotas\/wp-json\/wp\/v2\/users\/1"}],"replies":[{"embeddable":true,"href":"https:\/\/sadhuamorypata.com\/tienda-para-el-bienestar-de-tus-mascotas\/wp-json\/wp\/v2\/comments?post=150"}],"version-history":[{"count":7,"href":"https:\/\/sadhuamorypata.com\/tienda-para-el-bienestar-de-tus-mascotas\/wp-json\/wp\/v2\/pages\/150\/revisions"}],"predecessor-version":[{"id":375,"href":"https:\/\/sadhuamorypata.com\/tienda-para-el-bienestar-de-tus-mascotas\/wp-json\/wp\/v2\/pages\/150\/revisions\/375"}],"wp:attachment":[{"href":"https:\/\/sadhuamorypata.com\/tienda-para-el-bienestar-de-tus-mascotas\/wp-json\/wp\/v2\/media?parent=150"}],"curies":[{"name":"wp","href":"https:\/\/api.w.org\/{rel}","templated":true}]}}