{"id":152,"date":"2024-04-03T02:00:58","date_gmt":"2024-04-03T02:00:58","guid":{"rendered":"https:\/\/sadhuamorypata.com\/tienda-para-el-bienestar-de-tus-mascotas\/?page_id=152"},"modified":"2024-04-11T05:26:50","modified_gmt":"2024-04-11T05:26:50","slug":"productos-de-higiene-para-perros","status":"publish","type":"page","link":"https:\/\/sadhuamorypata.com\/tienda-para-el-bienestar-de-tus-mascotas\/productos-de-higiene-para-perros\/","title":{"rendered":"Productos de higiene para perros"},"content":{"rendered":"\n<p>\u00a1Mant\u00e9n a tu perro limpio, saludable y feliz con nuestra selecci\u00f3n de productos de higiene para perros! En nuestra tienda encontrar\u00e1s todo lo que necesitas para cuidar la higiene de tu mascota y mantenerlo fresco y saludable.<\/p>\n\n\n\n<p><strong>\u00bfQu\u00e9 son los productos de higiene para perros?<\/strong> Los productos de higiene para perros son aquellos dise\u00f1ados espec\u00edficamente para mantener la limpieza y salud de tu mascota. Incluyen champ\u00fas, cepillos, cortau\u00f1as, productos para la limpieza de o\u00eddos y dientes, entre otros.<\/p>\n\n\n\n<p><strong>Tipos de productos de higiene para perros disponibles:<\/strong><\/p>\n\n\n\n<ul style=\"color:#340066\" class=\"has-text-color has-link-color wp-elements-8174f3efd52e0e835a35d4c3ffb4c870\">\n<li><strong><a href=\"https:\/\/amzn.to\/49t8giJ\">Champ\u00fas y acondicionadores:<\/a><\/strong> Para mantener el pelaje de tu perro limpio y brillante.<\/li>\n\n\n\n<li><strong><a href=\"https:\/\/amzn.to\/3TQV8hF\">Cepillos y peines:<\/a><\/strong> Para desenredar y eliminar el pelo muerto.<\/li>\n\n\n\n<li><strong><a href=\"https:\/\/amzn.to\/4cSC0Zu\">Cortau\u00f1as y limas:<\/a><\/strong> Para mantener las u\u00f1as de tu perro cortas y saludables.<\/li>\n\n\n\n<li><strong><a href=\"https:\/\/amzn.to\/3VNegQh\">Productos para la limpieza de o\u00eddos:<\/a><\/strong> Para prevenir infecciones y mantener los o\u00eddos limpios.<\/li>\n\n\n\n<li><strong><a href=\"https:\/\/amzn.to\/49E7Pm0\">Productos para la limpieza dental:<\/a><\/strong> Como cepillos y pasta de dientes especiales para perros.<\/li>\n<\/ul>\n\n\n\n<div style=\"height:40px\" aria-hidden=\"true\" class=\"wp-block-spacer\"><\/div>\n\n\n\n<h2 class=\"wp-block-heading has-text-align-center\">Conoce los mejores Productos para Higiene de perros que tenemos en Amazon M\u00e9xico que te van a encantar!<\/h2>\n\n\n\n<p class=\"has-text-align-center\"><strong>\u00a1Solo da click en la imagen y explora en Amazon M\u00e9xico!<\/strong><\/p>\n\n\n\n<p class=\"has-text-align-center\"><strong><u>Recuerda que tu compra es segura y con la garant\u00eda de Amazon M\u00e9xico<\/u><\/strong><\/p>\n\n\n\n<p class=\"has-text-align-center\"><strong>\u00a1Solo da click en el tipo de producto que te interese y termina tu compra segura y con garant\u00eda en Amazon M\u00e9xico!<\/strong><\/p>\n\n\n\n<div style=\"height:30px\" aria-hidden=\"true\" class=\"wp-block-spacer\"><\/div>\n\n\n\n<figure class=\"wp-block-image size-large\"><a href=\"https:\/\/amzn.to\/49t8giJ\"><img loading=\"lazy\" decoding=\"async\" width=\"1024\" height=\"682\" src=\"https:\/\/sadhuamorypata.com\/wp-content\/uploads\/2024\/04\/two-sisters-bathing-pet-labrador-retriever-puppy-2023-11-27-05-22-22-utc-1-1024x682.jpg\" alt=\"\" class=\"wp-image-265\" srcset=\"https:\/\/sadhuamorypata.com\/wp-content\/uploads\/2024\/04\/two-sisters-bathing-pet-labrador-retriever-puppy-2023-11-27-05-22-22-utc-1-1024x682.jpg 1024w, https:\/\/sadhuamorypata.com\/wp-content\/uploads\/2024\/04\/two-sisters-bathing-pet-labrador-retriever-puppy-2023-11-27-05-22-22-utc-1-300x200.jpg 300w, https:\/\/sadhuamorypata.com\/wp-content\/uploads\/2024\/04\/two-sisters-bathing-pet-labrador-retriever-puppy-2023-11-27-05-22-22-utc-1-768x511.jpg 768w, https:\/\/sadhuamorypata.com\/wp-content\/uploads\/2024\/04\/two-sisters-bathing-pet-labrador-retriever-puppy-2023-11-27-05-22-22-utc-1-1536x1022.jpg 1536w, https:\/\/sadhuamorypata.com\/wp-content\/uploads\/2024\/04\/two-sisters-bathing-pet-labrador-retriever-puppy-2023-11-27-05-22-22-utc-1-2048x1363.jpg 2048w\" sizes=\"(max-width: 1024px) 100vw, 1024px\" \/><\/a><\/figure>\n\n\n\n<div class=\"wp-block-buttons is-content-justification-center is-layout-flex wp-container-core-buttons-is-layout-1 wp-block-buttons-is-layout-flex\">\n<div class=\"wp-block-button\"><a class=\"wp-block-button__link has-text-align-center wp-element-button\" href=\"https:\/\/amzn.to\/49t8giJ\">VER CHAMP\u00daS Y ACONDICIONADORES PARA PERROS EN AMAZON M\u00c9XICO<\/a><\/div>\n<\/div>\n\n\n\n<div style=\"height:30px\" aria-hidden=\"true\" class=\"wp-block-spacer\"><\/div>\n\n\n\n<figure class=\"wp-block-image size-large\"><a href=\"https:\/\/amzn.to\/3TQV8hF\"><img loading=\"lazy\" decoding=\"async\" width=\"1024\" height=\"669\" src=\"https:\/\/sadhuamorypata.com\/wp-content\/uploads\/2024\/04\/woman-brushing-dog-2023-11-27-04-49-27-utc-1024x669.jpg\" alt=\"\" class=\"wp-image-266\" srcset=\"https:\/\/sadhuamorypata.com\/wp-content\/uploads\/2024\/04\/woman-brushing-dog-2023-11-27-04-49-27-utc-1024x669.jpg 1024w, https:\/\/sadhuamorypata.com\/wp-content\/uploads\/2024\/04\/woman-brushing-dog-2023-11-27-04-49-27-utc-300x196.jpg 300w, https:\/\/sadhuamorypata.com\/wp-content\/uploads\/2024\/04\/woman-brushing-dog-2023-11-27-04-49-27-utc-768x501.jpg 768w, https:\/\/sadhuamorypata.com\/wp-content\/uploads\/2024\/04\/woman-brushing-dog-2023-11-27-04-49-27-utc-1536x1003.jpg 1536w, https:\/\/sadhuamorypata.com\/wp-content\/uploads\/2024\/04\/woman-brushing-dog-2023-11-27-04-49-27-utc-2048x1337.jpg 2048w\" sizes=\"(max-width: 1024px) 100vw, 1024px\" \/><\/a><\/figure>\n\n\n\n<div class=\"wp-block-buttons is-content-justification-center is-layout-flex wp-container-core-buttons-is-layout-2 wp-block-buttons-is-layout-flex\">\n<div class=\"wp-block-button\"><a class=\"wp-block-button__link wp-element-button\" href=\"https:\/\/amzn.to\/3TQV8hF\">VER M\u00c1S CEPILLOS Y PEINES PARA PERROS EN AMAZON M\u00c9XICO<\/a><\/div>\n<\/div>\n\n\n\n<div style=\"height:30px\" aria-hidden=\"true\" class=\"wp-block-spacer\"><\/div>\n\n\n\n<figure class=\"wp-block-image size-large\"><a href=\"https:\/\/amzn.to\/4cSC0Zu\"><img loading=\"lazy\" decoding=\"async\" width=\"1024\" height=\"683\" src=\"https:\/\/sadhuamorypata.com\/wp-content\/uploads\/2024\/04\/dog-nails-being-cut-and-trimmed-during-grooming-2023-11-27-05-02-25-utc-2-1024x683.jpg\" alt=\"\" class=\"wp-image-269\" srcset=\"https:\/\/sadhuamorypata.com\/wp-content\/uploads\/2024\/04\/dog-nails-being-cut-and-trimmed-during-grooming-2023-11-27-05-02-25-utc-2-1024x683.jpg 1024w, https:\/\/sadhuamorypata.com\/wp-content\/uploads\/2024\/04\/dog-nails-being-cut-and-trimmed-during-grooming-2023-11-27-05-02-25-utc-2-300x200.jpg 300w, https:\/\/sadhuamorypata.com\/wp-content\/uploads\/2024\/04\/dog-nails-being-cut-and-trimmed-during-grooming-2023-11-27-05-02-25-utc-2-768x512.jpg 768w, https:\/\/sadhuamorypata.com\/wp-content\/uploads\/2024\/04\/dog-nails-being-cut-and-trimmed-during-grooming-2023-11-27-05-02-25-utc-2-1536x1024.jpg 1536w, https:\/\/sadhuamorypata.com\/wp-content\/uploads\/2024\/04\/dog-nails-being-cut-and-trimmed-during-grooming-2023-11-27-05-02-25-utc-2-2048x1365.jpg 2048w\" sizes=\"(max-width: 1024px) 100vw, 1024px\" \/><\/a><\/figure>\n\n\n\n<div class=\"wp-block-buttons is-content-justification-center is-layout-flex wp-container-core-buttons-is-layout-3 wp-block-buttons-is-layout-flex\">\n<div class=\"wp-block-button\"><a class=\"wp-block-button__link wp-element-button\" href=\"https:\/\/amzn.to\/4cSC0Zu\">VER M\u00c1S CORTAU\u00d1AS Y LIMAS PARA PERROS EN AMAZON M\u00c9XICO<\/a><\/div>\n<\/div>\n\n\n\n<div style=\"height:30px\" aria-hidden=\"true\" class=\"wp-block-spacer\"><\/div>\n\n\n\n<figure class=\"wp-block-image size-large is-resized\"><a href=\"https:\/\/amzn.to\/3VNegQh\"><img loading=\"lazy\" decoding=\"async\" width=\"1024\" height=\"606\" src=\"https:\/\/sadhuamorypata.com\/wp-content\/uploads\/2024\/04\/funny-dog-ears-2023-11-27-05-14-27-utc-1024x606.jpg\" alt=\"\" class=\"wp-image-270\" style=\"width:840px;height:auto\" srcset=\"https:\/\/sadhuamorypata.com\/wp-content\/uploads\/2024\/04\/funny-dog-ears-2023-11-27-05-14-27-utc-1024x606.jpg 1024w, https:\/\/sadhuamorypata.com\/wp-content\/uploads\/2024\/04\/funny-dog-ears-2023-11-27-05-14-27-utc-300x177.jpg 300w, https:\/\/sadhuamorypata.com\/wp-content\/uploads\/2024\/04\/funny-dog-ears-2023-11-27-05-14-27-utc-768x454.jpg 768w, https:\/\/sadhuamorypata.com\/wp-content\/uploads\/2024\/04\/funny-dog-ears-2023-11-27-05-14-27-utc-1536x909.jpg 1536w, https:\/\/sadhuamorypata.com\/wp-content\/uploads\/2024\/04\/funny-dog-ears-2023-11-27-05-14-27-utc-2048x1212.jpg 2048w\" sizes=\"(max-width: 1024px) 100vw, 1024px\" \/><\/a><\/figure>\n\n\n\n<div class=\"wp-block-buttons is-content-justification-center is-layout-flex wp-container-core-buttons-is-layout-4 wp-block-buttons-is-layout-flex\">\n<div class=\"wp-block-button\"><a class=\"wp-block-button__link wp-element-button\" href=\"https:\/\/amzn.to\/3VNegQh\">VER M\u00c1S PRODUCTOS PARA LIMPIEZA DE OIDOS DE PERROS EN AMAZON M\u00c9XICO<\/a><\/div>\n<\/div>\n\n\n\n<div style=\"height:30px\" aria-hidden=\"true\" class=\"wp-block-spacer\"><\/div>\n\n\n\n<figure class=\"wp-block-image size-large\"><a href=\"https:\/\/amzn.to\/49E7Pm0\"><img loading=\"lazy\" decoding=\"async\" width=\"1024\" height=\"683\" src=\"https:\/\/sadhuamorypata.com\/wp-content\/uploads\/2024\/04\/dog-holding-a-toothbrush-in-his-teeth-on-a-clean-b-2024-02-01-14-44-43-utc-1024x683.jpg\" alt=\"\" class=\"wp-image-271\" srcset=\"https:\/\/sadhuamorypata.com\/wp-content\/uploads\/2024\/04\/dog-holding-a-toothbrush-in-his-teeth-on-a-clean-b-2024-02-01-14-44-43-utc-1024x683.jpg 1024w, https:\/\/sadhuamorypata.com\/wp-content\/uploads\/2024\/04\/dog-holding-a-toothbrush-in-his-teeth-on-a-clean-b-2024-02-01-14-44-43-utc-300x200.jpg 300w, https:\/\/sadhuamorypata.com\/wp-content\/uploads\/2024\/04\/dog-holding-a-toothbrush-in-his-teeth-on-a-clean-b-2024-02-01-14-44-43-utc-768x512.jpg 768w, https:\/\/sadhuamorypata.com\/wp-content\/uploads\/2024\/04\/dog-holding-a-toothbrush-in-his-teeth-on-a-clean-b-2024-02-01-14-44-43-utc-1536x1025.jpg 1536w, https:\/\/sadhuamorypata.com\/wp-content\/uploads\/2024\/04\/dog-holding-a-toothbrush-in-his-teeth-on-a-clean-b-2024-02-01-14-44-43-utc-2048x1366.jpg 2048w\" sizes=\"(max-width: 1024px) 100vw, 1024px\" \/><\/a><\/figure>\n\n\n\n<div class=\"wp-block-buttons is-layout-flex wp-block-buttons-is-layout-flex\">\n<div class=\"wp-block-button\"><a class=\"wp-block-button__link wp-element-button\" href=\"https:\/\/amzn.to\/49E7Pm0\">VER M\u00c1S PRODUCTOS PARA LA LIMPIEZA DE DIENTES DE PERROS EN AMAZON M\u00c9XICO<\/a><\/div>\n<\/div>\n\n\n\n<div style=\"height:30px\" aria-hidden=\"true\" class=\"wp-block-spacer\"><\/div>\n\n\n\n<h2 class=\"wp-block-heading has-text-align-center\"><strong>Nuestros productos m\u00e1s vendidos de art\u00edculos para higiene perros<\/strong><\/h2>\n\n\n\n<div style=\"height:30px\" aria-hidden=\"true\" class=\"wp-block-spacer\"><\/div>\n\n\n<p >No products found.<\/p>\n\n\n<p><strong>Beneficios de los productos de higiene para perros:<\/strong><\/p>\n\n\n\n<ul>\n<li>Mantienen la piel y el pelaje de tu perro limpios y saludables.<\/li>\n\n\n\n<li>Previenen la aparici\u00f3n de pulgas, garrapatas y otros par\u00e1sitos.<\/li>\n\n\n\n<li>Ayudan a prevenir enfermedades de la piel y otros problemas de salud.<\/li>\n\n\n\n<li>Mejoran el olor de tu perro, haci\u00e9ndolo m\u00e1s agradable para convivir en casa.<\/li>\n<\/ul>\n\n\n\n<p><strong>Preguntas frecuentes:<\/strong><\/p>\n\n\n\n<ul>\n<li><strong>\u00bfCon qu\u00e9 frecuencia debo ba\u00f1ar a mi perro?<\/strong>\n<ul>\n<li>La frecuencia de ba\u00f1o depende del tipo de pelaje de tu perro y su estilo de vida. En general, se recomienda ba\u00f1arlo cada 1-3 meses.<\/li>\n<\/ul>\n<\/li>\n\n\n\n<li><strong>\u00bfC\u00f3mo puedo evitar que mi perro tenga mal aliento?<\/strong>\n<ul>\n<li>El mal aliento en los perros puede ser causado por problemas dentales. Es importante cepillar los dientes de tu perro regularmente y darle juguetes dentales para masticar.<\/li>\n<\/ul>\n<\/li>\n\n\n\n<li><strong>\u00bfC\u00f3mo puedo limpiar los o\u00eddos de mi perro de forma segura?<\/strong>\n<ul>\n<li>Para limpiar los o\u00eddos de tu perro, utiliza un limpiador espec\u00edfico para perros y sigue las instrucciones del fabricante. Evita introducir objetos en el canal auditivo.<\/li>\n<\/ul>\n<\/li>\n<\/ul>\n\n\n\n<p>Explora nuestra selecci\u00f3n de productos de higiene para perros y aseg\u00farate de que tu mascota est\u00e9 siempre limpia, saludable y feliz. \u00a1Haz de su cuidado una prioridad!<\/p>\n","protected":false},"excerpt":{"rendered":"<p>\u00a1Mant\u00e9n a tu perro limpio, saludable y feliz con nuestra selecci\u00f3n de productos de higiene para perros! En nuestra tienda encontrar\u00e1s todo lo que necesitas para cuidar la higiene de tu mascota y mantenerlo fresco y saludable. \u00bfQu\u00e9 son los productos de higiene para perros? Los productos de higiene para perros son aquellos dise\u00f1ados espec\u00edficamente [&hellip;]<\/p>\n","protected":false},"author":1,"featured_media":0,"parent":0,"menu_order":0,"comment_status":"closed","ping_status":"closed","template":"","meta":{"om_disable_all_campaigns":false,"_monsterinsights_skip_tracking":false,"_monsterinsights_sitenote_active":false,"_monsterinsights_sitenote_note":"","_monsterinsights_sitenote_category":0,"_uf_show_specific_survey":0,"_uf_disable_surveys":false,"footnotes":""},"yoast_head":"<!-- This site is optimized with the Yoast SEO plugin v22.7 - https:\/\/yoast.com\/wordpress\/plugins\/seo\/ -->\n<title>Productos de higiene para perros<\/title>\n<meta name=\"robots\" content=\"index, follow, max-snippet:-1, max-image-preview:large, max-video-preview:-1\" \/>\n<link rel=\"canonical\" href=\"https:\/\/sadhuamorypata.com\/tienda-para-el-bienestar-de-tus-mascotas\/productos-de-higiene-para-perros\/\" \/>\n<meta property=\"og:locale\" content=\"es_MX\" \/>\n<meta property=\"og:type\" content=\"article\" \/>\n<meta property=\"og:title\" content=\"Productos de higiene para perros\" \/>\n<meta property=\"og:description\" content=\"\u00a1Mant\u00e9n a tu perro limpio, saludable y feliz con nuestra selecci\u00f3n de productos de higiene para perros! En nuestra tienda encontrar\u00e1s todo lo que necesitas para cuidar la higiene de tu mascota y mantenerlo fresco y saludable. \u00bfQu\u00e9 son los productos de higiene para perros? Los productos de higiene para perros son aquellos dise\u00f1ados espec\u00edficamente [&hellip;]\" \/>\n<meta property=\"og:url\" content=\"https:\/\/sadhuamorypata.com\/tienda-para-el-bienestar-de-tus-mascotas\/productos-de-higiene-para-perros\/\" \/>\n<meta property=\"og:site_name\" content=\"Sadhu Amor y Pata\" \/>\n<meta property=\"article:modified_time\" content=\"2024-04-11T05:26:50+00:00\" \/>\n<meta property=\"og:image\" content=\"https:\/\/sadhuamorypata.com\/wp-content\/uploads\/2024\/04\/two-sisters-bathing-pet-labrador-retriever-puppy-2023-11-27-05-22-22-utc-1-1024x682.jpg\" \/>\n<meta name=\"twitter:card\" content=\"summary_large_image\" \/>\n<meta name=\"twitter:label1\" content=\"Tiempo de lectura\" \/>\n\t<meta name=\"twitter:data1\" content=\"4 minutos\" \/>\n<script type=\"application\/ld+json\" class=\"yoast-schema-graph\">{\"@context\":\"https:\/\/schema.org\",\"@graph\":[{\"@type\":\"WebPage\",\"@id\":\"https:\/\/sadhuamorypata.com\/tienda-para-el-bienestar-de-tus-mascotas\/productos-de-higiene-para-perros\/\",\"url\":\"https:\/\/sadhuamorypata.com\/tienda-para-el-bienestar-de-tus-mascotas\/productos-de-higiene-para-perros\/\",\"name\":\"Productos de higiene para perros\",\"isPartOf\":{\"@id\":\"https:\/\/sadhuamorypata.com\/tienda-para-el-bienestar-de-tus-mascotas\/#website\"},\"primaryImageOfPage\":{\"@id\":\"https:\/\/sadhuamorypata.com\/tienda-para-el-bienestar-de-tus-mascotas\/productos-de-higiene-para-perros\/#primaryimage\"},\"image\":{\"@id\":\"https:\/\/sadhuamorypata.com\/tienda-para-el-bienestar-de-tus-mascotas\/productos-de-higiene-para-perros\/#primaryimage\"},\"thumbnailUrl\":\"https:\/\/sadhuamorypata.com\/wp-content\/uploads\/2024\/04\/two-sisters-bathing-pet-labrador-retriever-puppy-2023-11-27-05-22-22-utc-1-1024x682.jpg\",\"datePublished\":\"2024-04-03T02:00:58+00:00\",\"dateModified\":\"2024-04-11T05:26:50+00:00\",\"breadcrumb\":{\"@id\":\"https:\/\/sadhuamorypata.com\/tienda-para-el-bienestar-de-tus-mascotas\/productos-de-higiene-para-perros\/#breadcrumb\"},\"inLanguage\":\"es\",\"potentialAction\":[{\"@type\":\"ReadAction\",\"target\":[\"https:\/\/sadhuamorypata.com\/tienda-para-el-bienestar-de-tus-mascotas\/productos-de-higiene-para-perros\/\"]}]},{\"@type\":\"ImageObject\",\"inLanguage\":\"es\",\"@id\":\"https:\/\/sadhuamorypata.com\/tienda-para-el-bienestar-de-tus-mascotas\/productos-de-higiene-para-perros\/#primaryimage\",\"url\":\"https:\/\/sadhuamorypata.com\/wp-content\/uploads\/2024\/04\/two-sisters-bathing-pet-labrador-retriever-puppy-2023-11-27-05-22-22-utc-1-1024x682.jpg\",\"contentUrl\":\"https:\/\/sadhuamorypata.com\/wp-content\/uploads\/2024\/04\/two-sisters-bathing-pet-labrador-retriever-puppy-2023-11-27-05-22-22-utc-1-1024x682.jpg\"},{\"@type\":\"BreadcrumbList\",\"@id\":\"https:\/\/sadhuamorypata.com\/tienda-para-el-bienestar-de-tus-mascotas\/productos-de-higiene-para-perros\/#breadcrumb\",\"itemListElement\":[{\"@type\":\"ListItem\",\"position\":1,\"name\":\"Inicio\",\"item\":\"https:\/\/sadhuamorypata.com\/tienda-para-el-bienestar-de-tus-mascotas\/\"},{\"@type\":\"ListItem\",\"position\":2,\"name\":\"Productos de higiene para perros\"}]},{\"@type\":\"WebSite\",\"@id\":\"https:\/\/sadhuamorypata.com\/tienda-para-el-bienestar-de-tus-mascotas\/#website\",\"url\":\"https:\/\/sadhuamorypata.com\/tienda-para-el-bienestar-de-tus-mascotas\/\",\"name\":\"Art\u00edculos para mascotas\",\"description\":\"Queremos que todos los seres sean felices\",\"publisher\":{\"@id\":\"https:\/\/sadhuamorypata.com\/tienda-para-el-bienestar-de-tus-mascotas\/#organization\"},\"potentialAction\":[{\"@type\":\"SearchAction\",\"target\":{\"@type\":\"EntryPoint\",\"urlTemplate\":\"https:\/\/sadhuamorypata.com\/tienda-para-el-bienestar-de-tus-mascotas\/?s={search_term_string}\"},\"query-input\":\"required name=search_term_string\"}],\"inLanguage\":\"es\"},{\"@type\":\"Organization\",\"@id\":\"https:\/\/sadhuamorypata.com\/tienda-para-el-bienestar-de-tus-mascotas\/#organization\",\"name\":\"Sadhu Amor y Pata\",\"url\":\"https:\/\/sadhuamorypata.com\/tienda-para-el-bienestar-de-tus-mascotas\/\",\"logo\":{\"@type\":\"ImageObject\",\"inLanguage\":\"es\",\"@id\":\"https:\/\/sadhuamorypata.com\/tienda-para-el-bienestar-de-tus-mascotas\/#\/schema\/logo\/image\/\",\"url\":\"https:\/\/sadhuamorypata.com\/wp-content\/uploads\/2024\/04\/cropped-logo-transparent-1.png\",\"contentUrl\":\"https:\/\/sadhuamorypata.com\/wp-content\/uploads\/2024\/04\/cropped-logo-transparent-1.png\",\"width\":512,\"height\":512,\"caption\":\"Sadhu Amor y Pata\"},\"image\":{\"@id\":\"https:\/\/sadhuamorypata.com\/tienda-para-el-bienestar-de-tus-mascotas\/#\/schema\/logo\/image\/\"}}]}<\/script>\n<!-- \/ Yoast SEO plugin. -->","yoast_head_json":{"title":"Productos de higiene para perros","robots":{"index":"index","follow":"follow","max-snippet":"max-snippet:-1","max-image-preview":"max-image-preview:large","max-video-preview":"max-video-preview:-1"},"canonical":"https:\/\/sadhuamorypata.com\/tienda-para-el-bienestar-de-tus-mascotas\/productos-de-higiene-para-perros\/","og_locale":"es_MX","og_type":"article","og_title":"Productos de higiene para perros","og_description":"\u00a1Mant\u00e9n a tu perro limpio, saludable y feliz con nuestra selecci\u00f3n de productos de higiene para perros! En nuestra tienda encontrar\u00e1s todo lo que necesitas para cuidar la higiene de tu mascota y mantenerlo fresco y saludable. \u00bfQu\u00e9 son los productos de higiene para perros? Los productos de higiene para perros son aquellos dise\u00f1ados espec\u00edficamente [&hellip;]","og_url":"https:\/\/sadhuamorypata.com\/tienda-para-el-bienestar-de-tus-mascotas\/productos-de-higiene-para-perros\/","og_site_name":"Sadhu Amor y Pata","article_modified_time":"2024-04-11T05:26:50+00:00","og_image":[{"url":"https:\/\/sadhuamorypata.com\/wp-content\/uploads\/2024\/04\/two-sisters-bathing-pet-labrador-retriever-puppy-2023-11-27-05-22-22-utc-1-1024x682.jpg"}],"twitter_card":"summary_large_image","twitter_misc":{"Tiempo de lectura":"4 minutos"},"schema":{"@context":"https:\/\/schema.org","@graph":[{"@type":"WebPage","@id":"https:\/\/sadhuamorypata.com\/tienda-para-el-bienestar-de-tus-mascotas\/productos-de-higiene-para-perros\/","url":"https:\/\/sadhuamorypata.com\/tienda-para-el-bienestar-de-tus-mascotas\/productos-de-higiene-para-perros\/","name":"Productos de higiene para perros","isPartOf":{"@id":"https:\/\/sadhuamorypata.com\/tienda-para-el-bienestar-de-tus-mascotas\/#website"},"primaryImageOfPage":{"@id":"https:\/\/sadhuamorypata.com\/tienda-para-el-bienestar-de-tus-mascotas\/productos-de-higiene-para-perros\/#primaryimage"},"image":{"@id":"https:\/\/sadhuamorypata.com\/tienda-para-el-bienestar-de-tus-mascotas\/productos-de-higiene-para-perros\/#primaryimage"},"thumbnailUrl":"https:\/\/sadhuamorypata.com\/wp-content\/uploads\/2024\/04\/two-sisters-bathing-pet-labrador-retriever-puppy-2023-11-27-05-22-22-utc-1-1024x682.jpg","datePublished":"2024-04-03T02:00:58+00:00","dateModified":"2024-04-11T05:26:50+00:00","breadcrumb":{"@id":"https:\/\/sadhuamorypata.com\/tienda-para-el-bienestar-de-tus-mascotas\/productos-de-higiene-para-perros\/#breadcrumb"},"inLanguage":"es","potentialAction":[{"@type":"ReadAction","target":["https:\/\/sadhuamorypata.com\/tienda-para-el-bienestar-de-tus-mascotas\/productos-de-higiene-para-perros\/"]}]},{"@type":"ImageObject","inLanguage":"es","@id":"https:\/\/sadhuamorypata.com\/tienda-para-el-bienestar-de-tus-mascotas\/productos-de-higiene-para-perros\/#primaryimage","url":"https:\/\/sadhuamorypata.com\/wp-content\/uploads\/2024\/04\/two-sisters-bathing-pet-labrador-retriever-puppy-2023-11-27-05-22-22-utc-1-1024x682.jpg","contentUrl":"https:\/\/sadhuamorypata.com\/wp-content\/uploads\/2024\/04\/two-sisters-bathing-pet-labrador-retriever-puppy-2023-11-27-05-22-22-utc-1-1024x682.jpg"},{"@type":"BreadcrumbList","@id":"https:\/\/sadhuamorypata.com\/tienda-para-el-bienestar-de-tus-mascotas\/productos-de-higiene-para-perros\/#breadcrumb","itemListElement":[{"@type":"ListItem","position":1,"name":"Inicio","item":"https:\/\/sadhuamorypata.com\/tienda-para-el-bienestar-de-tus-mascotas\/"},{"@type":"ListItem","position":2,"name":"Productos de higiene para perros"}]},{"@type":"WebSite","@id":"https:\/\/sadhuamorypata.com\/tienda-para-el-bienestar-de-tus-mascotas\/#website","url":"https:\/\/sadhuamorypata.com\/tienda-para-el-bienestar-de-tus-mascotas\/","name":"Art\u00edculos para mascotas","description":"Queremos que todos los seres sean felices","publisher":{"@id":"https:\/\/sadhuamorypata.com\/tienda-para-el-bienestar-de-tus-mascotas\/#organization"},"potentialAction":[{"@type":"SearchAction","target":{"@type":"EntryPoint","urlTemplate":"https:\/\/sadhuamorypata.com\/tienda-para-el-bienestar-de-tus-mascotas\/?s={search_term_string}"},"query-input":"required name=search_term_string"}],"inLanguage":"es"},{"@type":"Organization","@id":"https:\/\/sadhuamorypata.com\/tienda-para-el-bienestar-de-tus-mascotas\/#organization","name":"Sadhu Amor y Pata","url":"https:\/\/sadhuamorypata.com\/tienda-para-el-bienestar-de-tus-mascotas\/","logo":{"@type":"ImageObject","inLanguage":"es","@id":"https:\/\/sadhuamorypata.com\/tienda-para-el-bienestar-de-tus-mascotas\/#\/schema\/logo\/image\/","url":"https:\/\/sadhuamorypata.com\/wp-content\/uploads\/2024\/04\/cropped-logo-transparent-1.png","contentUrl":"https:\/\/sadhuamorypata.com\/wp-content\/uploads\/2024\/04\/cropped-logo-transparent-1.png","width":512,"height":512,"caption":"Sadhu Amor y Pata"},"image":{"@id":"https:\/\/sadhuamorypata.com\/tienda-para-el-bienestar-de-tus-mascotas\/#\/schema\/logo\/image\/"}}]}},"_links":{"self":[{"href":"https:\/\/sadhuamorypata.com\/tienda-para-el-bienestar-de-tus-mascotas\/wp-json\/wp\/v2\/pages\/152"}],"collection":[{"href":"https:\/\/sadhuamorypata.com\/tienda-para-el-bienestar-de-tus-mascotas\/wp-json\/wp\/v2\/pages"}],"about":[{"href":"https:\/\/sadhuamorypata.com\/tienda-para-el-bienestar-de-tus-mascotas\/wp-json\/wp\/v2\/types\/page"}],"author":[{"embeddable":true,"href":"https:\/\/sadhuamorypata.com\/tienda-para-el-bienestar-de-tus-mascotas\/wp-json\/wp\/v2\/users\/1"}],"replies":[{"embeddable":true,"href":"https:\/\/sadhuamorypata.com\/tienda-para-el-bienestar-de-tus-mascotas\/wp-json\/wp\/v2\/comments?post=152"}],"version-history":[{"count":5,"href":"https:\/\/sadhuamorypata.com\/tienda-para-el-bienestar-de-tus-mascotas\/wp-json\/wp\/v2\/pages\/152\/revisions"}],"predecessor-version":[{"id":348,"href":"https:\/\/sadhuamorypata.com\/tienda-para-el-bienestar-de-tus-mascotas\/wp-json\/wp\/v2\/pages\/152\/revisions\/348"}],"wp:attachment":[{"href":"https:\/\/sadhuamorypata.com\/tienda-para-el-bienestar-de-tus-mascotas\/wp-json\/wp\/v2\/media?parent=152"}],"curies":[{"name":"wp","href":"https:\/\/api.w.org\/{rel}","templated":true}]}}