{"id":157,"date":"2024-04-03T02:09:17","date_gmt":"2024-04-03T02:09:17","guid":{"rendered":"https:\/\/sadhuamorypata.com\/tienda-para-el-bienestar-de-tus-mascotas\/?page_id=157"},"modified":"2024-06-10T04:57:04","modified_gmt":"2024-06-10T04:57:04","slug":"comida-para-perros","status":"publish","type":"page","link":"https:\/\/sadhuamorypata.com\/tienda-para-el-bienestar-de-tus-mascotas\/comida-para-perros\/","title":{"rendered":"Comida para perros"},"content":{"rendered":"\n<p>\u00a1Descubre la mejor selecci\u00f3n de comida para perros y mant\u00e9n a tu mascota feliz y saludable! En nuestra tienda encontrar\u00e1s una amplia variedad de alimentos dise\u00f1ados espec\u00edficamente para satisfacer las necesidades nutricionales de tu perro.<\/p>\n\n\n\n<p><strong>Tipos de comida para perros disponibles:<\/strong><\/p>\n\n\n\n<ul style=\"color:#360069\" class=\"has-text-color has-link-color wp-elements-70d6358a67e610ffd7b35b862e39a924\">\n<li><a href=\"https:\/\/amzn.to\/4aoDk4y\"><strong>Comida seca:<\/strong><\/a> Tambi\u00e9n conocida como croquetas, es conveniente y f\u00e1cil de almacenar. Viene en una variedad de sabores y f\u00f3rmulas para satisfacer las necesidades de cada perro.<\/li>\n\n\n\n<li><strong><a href=\"https:\/\/amzn.to\/4aoDk4y\">Comida h\u00fameda:<\/a><\/strong> Tambi\u00e9n conocida como comida en lata o comida en sobre, es m\u00e1s sabrosa y puede ser m\u00e1s f\u00e1cil de digerir para algunos perros.<\/li>\n\n\n\n<li><strong><a href=\"https:\/\/amzn.to\/4aoDk4y\">Comida natural:<\/a><\/strong> Elaborada con ingredientes naturales y sin aditivos artificiales, es una opci\u00f3n saludable para perros con sensibilidades alimentarias.<\/li>\n\n\n\n<li><strong><a href=\"https:\/\/amzn.to\/4aoDk4y\">Comida especializada:<\/a><\/strong> Como comida para perros mayores, para perros con problemas de salud espec\u00edficos o para perros con necesidades diet\u00e9ticas especiales.<\/li>\n<\/ul>\n\n\n\n<div style=\"height:39px\" aria-hidden=\"true\" class=\"wp-block-spacer\"><\/div>\n\n\n\n<h2 class=\"wp-block-heading has-text-align-center\">Conoce los mejores tipos de Alimentos para perros que tenemos en Amazon M\u00e9xico que te van a encantar!<\/h2>\n\n\n\n<p class=\"has-text-align-center\"><strong>\u00a1Solo da click en la imagen y explora en Amazon M\u00e9xico!<\/strong><\/p>\n\n\n\n<p class=\"has-text-align-center\"><strong><u>Recuerda que tu compra es segura y con la garant\u00eda de Amazon M\u00e9xico<\/u><\/strong><\/p>\n\n\n\n<div style=\"height:30px\" aria-hidden=\"true\" class=\"wp-block-spacer\"><\/div>\n\n\n\n<figure class=\"wp-block-image size-large\"><a href=\"https:\/\/amzn.to\/4aoDk4y\"><img loading=\"lazy\" decoding=\"async\" width=\"1024\" height=\"683\" src=\"https:\/\/sadhuamorypata.com\/wp-content\/uploads\/2024\/04\/dry-kibble-animal-food-dried-food-for-cats-or-dog-2023-11-27-05-11-28-utc-2-1024x683.jpg\" alt=\"\" class=\"wp-image-230\" srcset=\"https:\/\/sadhuamorypata.com\/wp-content\/uploads\/2024\/04\/dry-kibble-animal-food-dried-food-for-cats-or-dog-2023-11-27-05-11-28-utc-2-1024x683.jpg 1024w, https:\/\/sadhuamorypata.com\/wp-content\/uploads\/2024\/04\/dry-kibble-animal-food-dried-food-for-cats-or-dog-2023-11-27-05-11-28-utc-2-300x200.jpg 300w, https:\/\/sadhuamorypata.com\/wp-content\/uploads\/2024\/04\/dry-kibble-animal-food-dried-food-for-cats-or-dog-2023-11-27-05-11-28-utc-2-768x512.jpg 768w, https:\/\/sadhuamorypata.com\/wp-content\/uploads\/2024\/04\/dry-kibble-animal-food-dried-food-for-cats-or-dog-2023-11-27-05-11-28-utc-2-1536x1024.jpg 1536w, https:\/\/sadhuamorypata.com\/wp-content\/uploads\/2024\/04\/dry-kibble-animal-food-dried-food-for-cats-or-dog-2023-11-27-05-11-28-utc-2-2048x1365.jpg 2048w\" sizes=\"(max-width: 1024px) 100vw, 1024px\" \/><\/a><\/figure>\n\n\n\n<div class=\"wp-block-buttons is-content-justification-center is-layout-flex wp-container-core-buttons-is-layout-1 wp-block-buttons-is-layout-flex\">\n<div class=\"wp-block-button\"><a class=\"wp-block-button__link has-text-align-center wp-element-button\" href=\"https:\/\/sadhuamorypata.com\/tienda-para-el-bienestar-de-tus-mascotas\/marcas-de-croquetas-para-perro\/\">Ver Marcas de croquetas para perros en Sadhu<\/a><\/div>\n<\/div>\n\n\n\n<div style=\"height:16px\" aria-hidden=\"true\" class=\"wp-block-spacer\"><\/div>\n\n\n\n<div class=\"wp-block-buttons is-content-justification-center is-layout-flex wp-container-core-buttons-is-layout-2 wp-block-buttons-is-layout-flex\">\n<div class=\"wp-block-button\"><a class=\"wp-block-button__link has-text-align-center wp-element-button\" href=\"https:\/\/amzn.to\/4aoDk4y\">Ver m\u00e1s Comida seca o Croquetas para perro en Amazon M\u00e9xico<\/a><\/div>\n<\/div>\n\n\n\n<div style=\"height:16px\" aria-hidden=\"true\" class=\"wp-block-spacer\"><\/div>\n\n\n\n<figure class=\"wp-block-image size-large\"><a href=\"https:\/\/amzn.to\/49ruj9m\"><img loading=\"lazy\" decoding=\"async\" width=\"1024\" height=\"683\" src=\"https:\/\/sadhuamorypata.com\/wp-content\/uploads\/2024\/04\/canned-food-for-pets-on-blue-background-space-for-2023-11-27-04-53-51-utc-1024x683.jpg\" alt=\"\" class=\"wp-image-238\" srcset=\"https:\/\/sadhuamorypata.com\/wp-content\/uploads\/2024\/04\/canned-food-for-pets-on-blue-background-space-for-2023-11-27-04-53-51-utc-1024x683.jpg 1024w, https:\/\/sadhuamorypata.com\/wp-content\/uploads\/2024\/04\/canned-food-for-pets-on-blue-background-space-for-2023-11-27-04-53-51-utc-300x200.jpg 300w, https:\/\/sadhuamorypata.com\/wp-content\/uploads\/2024\/04\/canned-food-for-pets-on-blue-background-space-for-2023-11-27-04-53-51-utc-768x512.jpg 768w, https:\/\/sadhuamorypata.com\/wp-content\/uploads\/2024\/04\/canned-food-for-pets-on-blue-background-space-for-2023-11-27-04-53-51-utc-1536x1024.jpg 1536w, https:\/\/sadhuamorypata.com\/wp-content\/uploads\/2024\/04\/canned-food-for-pets-on-blue-background-space-for-2023-11-27-04-53-51-utc-2048x1365.jpg 2048w\" sizes=\"(max-width: 1024px) 100vw, 1024px\" \/><\/a><\/figure>\n\n\n\n<div class=\"wp-block-buttons is-content-justification-center is-layout-flex wp-container-core-buttons-is-layout-3 wp-block-buttons-is-layout-flex\">\n<div class=\"wp-block-button\"><a class=\"wp-block-button__link wp-element-button\" href=\"https:\/\/amzn.to\/49ruj9m\">Ver m\u00e1s Comida h\u00fameda, en lata o sobres para perros en Amazon<\/a><\/div>\n<\/div>\n\n\n\n<div style=\"height:16px\" aria-hidden=\"true\" class=\"wp-block-spacer\"><\/div>\n\n\n\n<figure class=\"wp-block-image size-large\"><a href=\"https:\/\/amzn.to\/4cK68WK\"><img loading=\"lazy\" decoding=\"async\" width=\"1024\" height=\"683\" src=\"https:\/\/sadhuamorypata.com\/wp-content\/uploads\/2024\/04\/dog-with-bone-2023-11-27-05-18-06-utc-1-1024x683.jpg\" alt=\"\" class=\"wp-image-241\" srcset=\"https:\/\/sadhuamorypata.com\/wp-content\/uploads\/2024\/04\/dog-with-bone-2023-11-27-05-18-06-utc-1-1024x683.jpg 1024w, https:\/\/sadhuamorypata.com\/wp-content\/uploads\/2024\/04\/dog-with-bone-2023-11-27-05-18-06-utc-1-300x200.jpg 300w, https:\/\/sadhuamorypata.com\/wp-content\/uploads\/2024\/04\/dog-with-bone-2023-11-27-05-18-06-utc-1-768x512.jpg 768w, https:\/\/sadhuamorypata.com\/wp-content\/uploads\/2024\/04\/dog-with-bone-2023-11-27-05-18-06-utc-1-1536x1024.jpg 1536w, https:\/\/sadhuamorypata.com\/wp-content\/uploads\/2024\/04\/dog-with-bone-2023-11-27-05-18-06-utc-1-2048x1365.jpg 2048w\" sizes=\"(max-width: 1024px) 100vw, 1024px\" \/><\/a><\/figure>\n\n\n\n<div class=\"wp-block-buttons is-content-justification-center is-layout-flex wp-container-core-buttons-is-layout-4 wp-block-buttons-is-layout-flex\">\n<div class=\"wp-block-button\"><a class=\"wp-block-button__link wp-element-button\" href=\"https:\/\/amzn.to\/4cK68WK\">Ver m\u00e1s Comida Natural para perros en Amazon<\/a><\/div>\n<\/div>\n\n\n\n<div style=\"height:15px\" aria-hidden=\"true\" class=\"wp-block-spacer\"><\/div>\n\n\n\n<figure class=\"wp-block-image size-large\"><img loading=\"lazy\" decoding=\"async\" width=\"1024\" height=\"683\" src=\"https:\/\/sadhuamorypata.com\/wp-content\/uploads\/2024\/04\/dog-on-the-kitchen-table-happy-family-in-the-kitc-2023-11-27-05-31-30-utc-1024x683.jpg\" alt=\"\" class=\"wp-image-242\" srcset=\"https:\/\/sadhuamorypata.com\/wp-content\/uploads\/2024\/04\/dog-on-the-kitchen-table-happy-family-in-the-kitc-2023-11-27-05-31-30-utc-1024x683.jpg 1024w, https:\/\/sadhuamorypata.com\/wp-content\/uploads\/2024\/04\/dog-on-the-kitchen-table-happy-family-in-the-kitc-2023-11-27-05-31-30-utc-300x200.jpg 300w, https:\/\/sadhuamorypata.com\/wp-content\/uploads\/2024\/04\/dog-on-the-kitchen-table-happy-family-in-the-kitc-2023-11-27-05-31-30-utc-768x512.jpg 768w, https:\/\/sadhuamorypata.com\/wp-content\/uploads\/2024\/04\/dog-on-the-kitchen-table-happy-family-in-the-kitc-2023-11-27-05-31-30-utc-1536x1025.jpg 1536w, https:\/\/sadhuamorypata.com\/wp-content\/uploads\/2024\/04\/dog-on-the-kitchen-table-happy-family-in-the-kitc-2023-11-27-05-31-30-utc-2048x1366.jpg 2048w\" sizes=\"(max-width: 1024px) 100vw, 1024px\" \/><\/figure>\n\n\n\n<div class=\"wp-block-buttons is-content-justification-center is-layout-flex wp-container-core-buttons-is-layout-5 wp-block-buttons-is-layout-flex\">\n<div class=\"wp-block-button\"><a class=\"wp-block-button__link wp-element-button\">Ver m\u00e1s Comida Especializada para perros en Amazon<\/a><\/div>\n<\/div>\n\n\n\n<div style=\"height:36px\" aria-hidden=\"true\" class=\"wp-block-spacer\"><\/div>\n\n\n\n<h2 class=\"wp-block-heading has-text-align-center\"><strong>Nuestros productos de alimentos para perros m\u00e1s vendidos<\/strong><\/h2>\n\n\n\n<div style=\"height:37px\" aria-hidden=\"true\" class=\"wp-block-spacer\"><\/div>\n\n\n<p >No products found.<\/p>\n\n\n<div style=\"height:29px\" aria-hidden=\"true\" class=\"wp-block-spacer\"><\/div>\n\n\n\n<p><strong>Beneficios de la comida para perros:<\/strong><\/p>\n\n\n\n<ul>\n<li>Proporciona una nutrici\u00f3n completa y equilibrada para mantener a tu perro saludable.<\/li>\n\n\n\n<li>Ayuda a mantener un peso saludable y un sistema inmunol\u00f3gico fuerte.<\/li>\n\n\n\n<li>Mejora la salud de la piel y el pelaje de tu perro.<\/li>\n\n\n\n<li>Puede ayudar a prevenir problemas de salud a largo plazo, como enfermedades card\u00edacas o diabetes.<\/li>\n<\/ul>\n\n\n\n<p><strong>Preguntas frecuentes:<\/strong><\/p>\n\n\n\n<ul>\n<li><strong>\u00bfCu\u00e1nta comida debo darle a mi perro?<\/strong>\n<ul>\n<li>La cantidad de comida depende de la edad, tama\u00f1o y nivel de actividad de tu perro. Consulta las recomendaciones del fabricante en el envase del alimento.<\/li>\n<\/ul>\n<\/li>\n\n\n\n<li><strong>\u00bfC\u00f3mo puedo cambiar la dieta de mi perro de forma segura?<\/strong>\n<ul>\n<li>Es importante cambiar gradualmente la dieta de tu perro durante varios d\u00edas para evitar problemas digestivos. Mezcla gradualmente la nueva comida con la antigua hasta que tu perro se acostumbre completamente a la nueva dieta.<\/li>\n<\/ul>\n<\/li>\n\n\n\n<li><strong>\u00bfQu\u00e9 debo hacer si mi perro tiene alergias alimentarias?<\/strong>\n<ul>\n<li>Si sospechas que tu perro tiene alergias alimentarias, consulta a tu veterinario. Puede recomendarte una dieta especializada o alimentos hipoalerg\u00e9nicos.<\/li>\n<\/ul>\n<\/li>\n<\/ul>\n\n\n\n<p>Explora nuestra selecci\u00f3n de comida para perros y elige la opci\u00f3n adecuada para la salud y el bienestar de tu mascota. \u00a1Haz que cada comida sea una deliciosa experiencia para tu perro!<\/p>\n\n\n\n<h2 class=\"wp-block-heading has-text-align-center\"><\/h2>\n","protected":false},"excerpt":{"rendered":"<p>\u00a1Descubre la mejor selecci\u00f3n de comida para perros y mant\u00e9n a tu mascota feliz y saludable! En nuestra tienda encontrar\u00e1s una amplia variedad de alimentos dise\u00f1ados espec\u00edficamente para satisfacer las necesidades nutricionales de tu perro. Tipos de comida para perros disponibles: Conoce los mejores tipos de Alimentos para perros que tenemos en Amazon M\u00e9xico que [&hellip;]<\/p>\n","protected":false},"author":1,"featured_media":0,"parent":0,"menu_order":0,"comment_status":"closed","ping_status":"closed","template":"","meta":{"om_disable_all_campaigns":false,"_monsterinsights_skip_tracking":false,"_monsterinsights_sitenote_active":false,"_monsterinsights_sitenote_note":"","_monsterinsights_sitenote_category":0,"_uf_show_specific_survey":0,"_uf_disable_surveys":false,"footnotes":""},"yoast_head":"<!-- This site is optimized with the Yoast SEO plugin v22.7 - https:\/\/yoast.com\/wordpress\/plugins\/seo\/ -->\n<title>Comida para perros<\/title>\n<meta name=\"robots\" content=\"index, follow, max-snippet:-1, max-image-preview:large, max-video-preview:-1\" \/>\n<link rel=\"canonical\" href=\"https:\/\/sadhuamorypata.com\/tienda-para-el-bienestar-de-tus-mascotas\/comida-para-perros\/\" \/>\n<meta property=\"og:locale\" content=\"es_MX\" \/>\n<meta property=\"og:type\" content=\"article\" \/>\n<meta property=\"og:title\" content=\"Comida para perros\" \/>\n<meta property=\"og:description\" content=\"\u00a1Descubre la mejor selecci\u00f3n de comida para perros y mant\u00e9n a tu mascota feliz y saludable! En nuestra tienda encontrar\u00e1s una amplia variedad de alimentos dise\u00f1ados espec\u00edficamente para satisfacer las necesidades nutricionales de tu perro. Tipos de comida para perros disponibles: Conoce los mejores tipos de Alimentos para perros que tenemos en Amazon M\u00e9xico que [&hellip;]\" \/>\n<meta property=\"og:url\" content=\"https:\/\/sadhuamorypata.com\/tienda-para-el-bienestar-de-tus-mascotas\/comida-para-perros\/\" \/>\n<meta property=\"og:site_name\" content=\"Sadhu Amor y Pata\" \/>\n<meta property=\"article:modified_time\" content=\"2024-06-10T04:57:04+00:00\" \/>\n<meta property=\"og:image\" content=\"https:\/\/sadhuamorypata.com\/wp-content\/uploads\/2024\/04\/dry-kibble-animal-food-dried-food-for-cats-or-dog-2023-11-27-05-11-28-utc-2-1024x683.jpg\" \/>\n<meta name=\"twitter:card\" content=\"summary_large_image\" \/>\n<meta name=\"twitter:label1\" content=\"Tiempo de lectura\" \/>\n\t<meta name=\"twitter:data1\" content=\"3 minutos\" \/>\n<script type=\"application\/ld+json\" class=\"yoast-schema-graph\">{\"@context\":\"https:\/\/schema.org\",\"@graph\":[{\"@type\":\"WebPage\",\"@id\":\"https:\/\/sadhuamorypata.com\/tienda-para-el-bienestar-de-tus-mascotas\/comida-para-perros\/\",\"url\":\"https:\/\/sadhuamorypata.com\/tienda-para-el-bienestar-de-tus-mascotas\/comida-para-perros\/\",\"name\":\"Comida para perros\",\"isPartOf\":{\"@id\":\"https:\/\/sadhuamorypata.com\/tienda-para-el-bienestar-de-tus-mascotas\/#website\"},\"primaryImageOfPage\":{\"@id\":\"https:\/\/sadhuamorypata.com\/tienda-para-el-bienestar-de-tus-mascotas\/comida-para-perros\/#primaryimage\"},\"image\":{\"@id\":\"https:\/\/sadhuamorypata.com\/tienda-para-el-bienestar-de-tus-mascotas\/comida-para-perros\/#primaryimage\"},\"thumbnailUrl\":\"https:\/\/sadhuamorypata.com\/wp-content\/uploads\/2024\/04\/dry-kibble-animal-food-dried-food-for-cats-or-dog-2023-11-27-05-11-28-utc-2-1024x683.jpg\",\"datePublished\":\"2024-04-03T02:09:17+00:00\",\"dateModified\":\"2024-06-10T04:57:04+00:00\",\"breadcrumb\":{\"@id\":\"https:\/\/sadhuamorypata.com\/tienda-para-el-bienestar-de-tus-mascotas\/comida-para-perros\/#breadcrumb\"},\"inLanguage\":\"es\",\"potentialAction\":[{\"@type\":\"ReadAction\",\"target\":[\"https:\/\/sadhuamorypata.com\/tienda-para-el-bienestar-de-tus-mascotas\/comida-para-perros\/\"]}]},{\"@type\":\"ImageObject\",\"inLanguage\":\"es\",\"@id\":\"https:\/\/sadhuamorypata.com\/tienda-para-el-bienestar-de-tus-mascotas\/comida-para-perros\/#primaryimage\",\"url\":\"https:\/\/sadhuamorypata.com\/wp-content\/uploads\/2024\/04\/dry-kibble-animal-food-dried-food-for-cats-or-dog-2023-11-27-05-11-28-utc-2-1024x683.jpg\",\"contentUrl\":\"https:\/\/sadhuamorypata.com\/wp-content\/uploads\/2024\/04\/dry-kibble-animal-food-dried-food-for-cats-or-dog-2023-11-27-05-11-28-utc-2-1024x683.jpg\"},{\"@type\":\"BreadcrumbList\",\"@id\":\"https:\/\/sadhuamorypata.com\/tienda-para-el-bienestar-de-tus-mascotas\/comida-para-perros\/#breadcrumb\",\"itemListElement\":[{\"@type\":\"ListItem\",\"position\":1,\"name\":\"Inicio\",\"item\":\"https:\/\/sadhuamorypata.com\/tienda-para-el-bienestar-de-tus-mascotas\/\"},{\"@type\":\"ListItem\",\"position\":2,\"name\":\"Comida para perros\"}]},{\"@type\":\"WebSite\",\"@id\":\"https:\/\/sadhuamorypata.com\/tienda-para-el-bienestar-de-tus-mascotas\/#website\",\"url\":\"https:\/\/sadhuamorypata.com\/tienda-para-el-bienestar-de-tus-mascotas\/\",\"name\":\"Art\u00edculos para mascotas\",\"description\":\"Queremos que todos los seres sean felices\",\"publisher\":{\"@id\":\"https:\/\/sadhuamorypata.com\/tienda-para-el-bienestar-de-tus-mascotas\/#organization\"},\"potentialAction\":[{\"@type\":\"SearchAction\",\"target\":{\"@type\":\"EntryPoint\",\"urlTemplate\":\"https:\/\/sadhuamorypata.com\/tienda-para-el-bienestar-de-tus-mascotas\/?s={search_term_string}\"},\"query-input\":\"required name=search_term_string\"}],\"inLanguage\":\"es\"},{\"@type\":\"Organization\",\"@id\":\"https:\/\/sadhuamorypata.com\/tienda-para-el-bienestar-de-tus-mascotas\/#organization\",\"name\":\"Sadhu Amor y Pata\",\"url\":\"https:\/\/sadhuamorypata.com\/tienda-para-el-bienestar-de-tus-mascotas\/\",\"logo\":{\"@type\":\"ImageObject\",\"inLanguage\":\"es\",\"@id\":\"https:\/\/sadhuamorypata.com\/tienda-para-el-bienestar-de-tus-mascotas\/#\/schema\/logo\/image\/\",\"url\":\"https:\/\/sadhuamorypata.com\/wp-content\/uploads\/2024\/04\/cropped-logo-transparent-1.png\",\"contentUrl\":\"https:\/\/sadhuamorypata.com\/wp-content\/uploads\/2024\/04\/cropped-logo-transparent-1.png\",\"width\":512,\"height\":512,\"caption\":\"Sadhu Amor y Pata\"},\"image\":{\"@id\":\"https:\/\/sadhuamorypata.com\/tienda-para-el-bienestar-de-tus-mascotas\/#\/schema\/logo\/image\/\"}}]}<\/script>\n<!-- \/ Yoast SEO plugin. -->","yoast_head_json":{"title":"Comida para perros","robots":{"index":"index","follow":"follow","max-snippet":"max-snippet:-1","max-image-preview":"max-image-preview:large","max-video-preview":"max-video-preview:-1"},"canonical":"https:\/\/sadhuamorypata.com\/tienda-para-el-bienestar-de-tus-mascotas\/comida-para-perros\/","og_locale":"es_MX","og_type":"article","og_title":"Comida para perros","og_description":"\u00a1Descubre la mejor selecci\u00f3n de comida para perros y mant\u00e9n a tu mascota feliz y saludable! En nuestra tienda encontrar\u00e1s una amplia variedad de alimentos dise\u00f1ados espec\u00edficamente para satisfacer las necesidades nutricionales de tu perro. Tipos de comida para perros disponibles: Conoce los mejores tipos de Alimentos para perros que tenemos en Amazon M\u00e9xico que [&hellip;]","og_url":"https:\/\/sadhuamorypata.com\/tienda-para-el-bienestar-de-tus-mascotas\/comida-para-perros\/","og_site_name":"Sadhu Amor y Pata","article_modified_time":"2024-06-10T04:57:04+00:00","og_image":[{"url":"https:\/\/sadhuamorypata.com\/wp-content\/uploads\/2024\/04\/dry-kibble-animal-food-dried-food-for-cats-or-dog-2023-11-27-05-11-28-utc-2-1024x683.jpg"}],"twitter_card":"summary_large_image","twitter_misc":{"Tiempo de lectura":"3 minutos"},"schema":{"@context":"https:\/\/schema.org","@graph":[{"@type":"WebPage","@id":"https:\/\/sadhuamorypata.com\/tienda-para-el-bienestar-de-tus-mascotas\/comida-para-perros\/","url":"https:\/\/sadhuamorypata.com\/tienda-para-el-bienestar-de-tus-mascotas\/comida-para-perros\/","name":"Comida para perros","isPartOf":{"@id":"https:\/\/sadhuamorypata.com\/tienda-para-el-bienestar-de-tus-mascotas\/#website"},"primaryImageOfPage":{"@id":"https:\/\/sadhuamorypata.com\/tienda-para-el-bienestar-de-tus-mascotas\/comida-para-perros\/#primaryimage"},"image":{"@id":"https:\/\/sadhuamorypata.com\/tienda-para-el-bienestar-de-tus-mascotas\/comida-para-perros\/#primaryimage"},"thumbnailUrl":"https:\/\/sadhuamorypata.com\/wp-content\/uploads\/2024\/04\/dry-kibble-animal-food-dried-food-for-cats-or-dog-2023-11-27-05-11-28-utc-2-1024x683.jpg","datePublished":"2024-04-03T02:09:17+00:00","dateModified":"2024-06-10T04:57:04+00:00","breadcrumb":{"@id":"https:\/\/sadhuamorypata.com\/tienda-para-el-bienestar-de-tus-mascotas\/comida-para-perros\/#breadcrumb"},"inLanguage":"es","potentialAction":[{"@type":"ReadAction","target":["https:\/\/sadhuamorypata.com\/tienda-para-el-bienestar-de-tus-mascotas\/comida-para-perros\/"]}]},{"@type":"ImageObject","inLanguage":"es","@id":"https:\/\/sadhuamorypata.com\/tienda-para-el-bienestar-de-tus-mascotas\/comida-para-perros\/#primaryimage","url":"https:\/\/sadhuamorypata.com\/wp-content\/uploads\/2024\/04\/dry-kibble-animal-food-dried-food-for-cats-or-dog-2023-11-27-05-11-28-utc-2-1024x683.jpg","contentUrl":"https:\/\/sadhuamorypata.com\/wp-content\/uploads\/2024\/04\/dry-kibble-animal-food-dried-food-for-cats-or-dog-2023-11-27-05-11-28-utc-2-1024x683.jpg"},{"@type":"BreadcrumbList","@id":"https:\/\/sadhuamorypata.com\/tienda-para-el-bienestar-de-tus-mascotas\/comida-para-perros\/#breadcrumb","itemListElement":[{"@type":"ListItem","position":1,"name":"Inicio","item":"https:\/\/sadhuamorypata.com\/tienda-para-el-bienestar-de-tus-mascotas\/"},{"@type":"ListItem","position":2,"name":"Comida para perros"}]},{"@type":"WebSite","@id":"https:\/\/sadhuamorypata.com\/tienda-para-el-bienestar-de-tus-mascotas\/#website","url":"https:\/\/sadhuamorypata.com\/tienda-para-el-bienestar-de-tus-mascotas\/","name":"Art\u00edculos para mascotas","description":"Queremos que todos los seres sean felices","publisher":{"@id":"https:\/\/sadhuamorypata.com\/tienda-para-el-bienestar-de-tus-mascotas\/#organization"},"potentialAction":[{"@type":"SearchAction","target":{"@type":"EntryPoint","urlTemplate":"https:\/\/sadhuamorypata.com\/tienda-para-el-bienestar-de-tus-mascotas\/?s={search_term_string}"},"query-input":"required name=search_term_string"}],"inLanguage":"es"},{"@type":"Organization","@id":"https:\/\/sadhuamorypata.com\/tienda-para-el-bienestar-de-tus-mascotas\/#organization","name":"Sadhu Amor y Pata","url":"https:\/\/sadhuamorypata.com\/tienda-para-el-bienestar-de-tus-mascotas\/","logo":{"@type":"ImageObject","inLanguage":"es","@id":"https:\/\/sadhuamorypata.com\/tienda-para-el-bienestar-de-tus-mascotas\/#\/schema\/logo\/image\/","url":"https:\/\/sadhuamorypata.com\/wp-content\/uploads\/2024\/04\/cropped-logo-transparent-1.png","contentUrl":"https:\/\/sadhuamorypata.com\/wp-content\/uploads\/2024\/04\/cropped-logo-transparent-1.png","width":512,"height":512,"caption":"Sadhu Amor y Pata"},"image":{"@id":"https:\/\/sadhuamorypata.com\/tienda-para-el-bienestar-de-tus-mascotas\/#\/schema\/logo\/image\/"}}]}},"_links":{"self":[{"href":"https:\/\/sadhuamorypata.com\/tienda-para-el-bienestar-de-tus-mascotas\/wp-json\/wp\/v2\/pages\/157"}],"collection":[{"href":"https:\/\/sadhuamorypata.com\/tienda-para-el-bienestar-de-tus-mascotas\/wp-json\/wp\/v2\/pages"}],"about":[{"href":"https:\/\/sadhuamorypata.com\/tienda-para-el-bienestar-de-tus-mascotas\/wp-json\/wp\/v2\/types\/page"}],"author":[{"embeddable":true,"href":"https:\/\/sadhuamorypata.com\/tienda-para-el-bienestar-de-tus-mascotas\/wp-json\/wp\/v2\/users\/1"}],"replies":[{"embeddable":true,"href":"https:\/\/sadhuamorypata.com\/tienda-para-el-bienestar-de-tus-mascotas\/wp-json\/wp\/v2\/comments?post=157"}],"version-history":[{"count":15,"href":"https:\/\/sadhuamorypata.com\/tienda-para-el-bienestar-de-tus-mascotas\/wp-json\/wp\/v2\/pages\/157\/revisions"}],"predecessor-version":[{"id":647,"href":"https:\/\/sadhuamorypata.com\/tienda-para-el-bienestar-de-tus-mascotas\/wp-json\/wp\/v2\/pages\/157\/revisions\/647"}],"wp:attachment":[{"href":"https:\/\/sadhuamorypata.com\/tienda-para-el-bienestar-de-tus-mascotas\/wp-json\/wp\/v2\/media?parent=157"}],"curies":[{"name":"wp","href":"https:\/\/api.w.org\/{rel}","templated":true}]}}