{"id":2,"date":"2024-03-29T21:49:12","date_gmt":"2024-03-29T21:49:12","guid":{"rendered":"http:\/\/sadhuamorypata.com\/?page_id=2"},"modified":"2024-06-28T23:45:52","modified_gmt":"2024-06-28T23:45:52","slug":"tienda-para-el-bienestar-de-tus-mascotas","status":"publish","type":"page","link":"https:\/\/sadhuamorypata.com\/tienda-para-el-bienestar-de-tus-mascotas\/","title":{"rendered":"Tienda para el bienestar de tus mascotas"},"content":{"rendered":"\n<div class=\"wp-block-media-text is-stacked-on-mobile\" style=\"grid-template-columns:55% auto\"><figure class=\"wp-block-media-text__media\"><img loading=\"lazy\" decoding=\"async\" width=\"1024\" height=\"731\" src=\"https:\/\/sadhuamorypata.com\/wp-content\/uploads\/2024\/03\/portrait-of-a-dog-dachshund-on-the-bed-2023-11-27-05-17-51-utc-1024x731.jpg\" alt=\"\" class=\"wp-image-35 size-full\" srcset=\"https:\/\/sadhuamorypata.com\/wp-content\/uploads\/2024\/03\/portrait-of-a-dog-dachshund-on-the-bed-2023-11-27-05-17-51-utc-1024x731.jpg 1024w, https:\/\/sadhuamorypata.com\/wp-content\/uploads\/2024\/03\/portrait-of-a-dog-dachshund-on-the-bed-2023-11-27-05-17-51-utc-300x214.jpg 300w, https:\/\/sadhuamorypata.com\/wp-content\/uploads\/2024\/03\/portrait-of-a-dog-dachshund-on-the-bed-2023-11-27-05-17-51-utc-768x548.jpg 768w, https:\/\/sadhuamorypata.com\/wp-content\/uploads\/2024\/03\/portrait-of-a-dog-dachshund-on-the-bed-2023-11-27-05-17-51-utc-1536x1096.jpg 1536w, https:\/\/sadhuamorypata.com\/wp-content\/uploads\/2024\/03\/portrait-of-a-dog-dachshund-on-the-bed-2023-11-27-05-17-51-utc-2048x1461.jpg 2048w\" sizes=\"(max-width: 1024px) 100vw, 1024px\" \/><\/figure><div class=\"wp-block-media-text__content\">\n<h2 class=\"wp-block-heading has-text-align-center\">\u00a1Queremos que todos los seres sean felices!<\/h2>\n\n\n\n<p>Por esa raz\u00f3n creamos &#8220;Sadhu Amor y Pata&#8221; basados en en el contexto de la meditaci\u00f3n Vipassana de la tradici\u00f3n budista Theravada <em>&#8220;Sabbe satta sukhi hontu&#8221;<\/em> (que todos los seres sean felices)<\/p>\n\n\n\n<p>En esta p\u00e1gina encontrar\u00e1s desde consejos para el cuidado de tus mascotas, art\u00edculos originales para su bienestar y todo lo relacionado con hacer felices a los animales.<\/p>\n\n\n\n<p>Dividimos la p\u00e1gina en categor\u00edas para que que puedas navegar m\u00e1s f\u00e1cilmente y encuentres lo que necesites para hacer felices a los seres que amas.  <\/p>\n\n\n\n<div class=\"wp-block-columns is-layout-flex wp-container-core-columns-is-layout-1 wp-block-columns-is-layout-flex\">\n<div class=\"wp-block-column is-layout-flow wp-block-column-is-layout-flow\"><\/div>\n\n\n\n<div class=\"wp-block-column is-layout-flow wp-block-column-is-layout-flow\"><\/div>\n\n\n\n<div class=\"wp-block-column is-layout-flow wp-block-column-is-layout-flow\"><\/div>\n<\/div>\n<\/div><\/div>\n\n\n\n<h2 class=\"wp-block-heading has-text-align-center\">\u00a1Da click sobre tu tipo de mascota para conocer todos los productos que tenemos para hacerlo feliz!<\/h2>\n\n\n\n<div style=\"height:43px\" aria-hidden=\"true\" class=\"wp-block-spacer\"><\/div>\n\n\n\n<div class=\"wp-block-columns is-layout-flex wp-container-core-columns-is-layout-2 wp-block-columns-is-layout-flex\">\n<div class=\"wp-block-column is-layout-flow wp-block-column-is-layout-flow\">\n<figure class=\"wp-block-image size-large\"><a href=\"https:\/\/sadhuamorypata.com\/tienda-para-el-bienestar-de-tus-mascotas\/articulos-para-perros\/\"><img loading=\"lazy\" decoding=\"async\" width=\"1024\" height=\"683\" src=\"https:\/\/sadhuamorypata.com\/wp-content\/uploads\/2024\/03\/terrier-dog-sleeping-on-dog-bed-2023-11-27-05-02-39-utc-1024x683.jpg\" alt=\"\" class=\"wp-image-37\" srcset=\"https:\/\/sadhuamorypata.com\/wp-content\/uploads\/2024\/03\/terrier-dog-sleeping-on-dog-bed-2023-11-27-05-02-39-utc-1024x683.jpg 1024w, https:\/\/sadhuamorypata.com\/wp-content\/uploads\/2024\/03\/terrier-dog-sleeping-on-dog-bed-2023-11-27-05-02-39-utc-300x200.jpg 300w, https:\/\/sadhuamorypata.com\/wp-content\/uploads\/2024\/03\/terrier-dog-sleeping-on-dog-bed-2023-11-27-05-02-39-utc-768x512.jpg 768w, https:\/\/sadhuamorypata.com\/wp-content\/uploads\/2024\/03\/terrier-dog-sleeping-on-dog-bed-2023-11-27-05-02-39-utc-1536x1024.jpg 1536w, https:\/\/sadhuamorypata.com\/wp-content\/uploads\/2024\/03\/terrier-dog-sleeping-on-dog-bed-2023-11-27-05-02-39-utc-2048x1365.jpg 2048w\" sizes=\"(max-width: 1024px) 100vw, 1024px\" \/><\/a><\/figure>\n\n\n\n<h2 class=\"wp-block-heading has-text-align-center has-text-color has-link-color wp-elements-8cafc7042b239fbea98604e8efa70496\" style=\"color:#5708a1\"><a href=\"https:\/\/sadhuamorypata.com\/tienda-para-el-bienestar-de-tus-mascotas\/articulos-para-perros\/\" data-type=\"page\" data-id=\"58\">Art\u00edculos para perros<\/a><\/h2>\n<\/div>\n\n\n\n<div class=\"wp-block-column is-layout-flow wp-block-column-is-layout-flow\">\n<figure class=\"wp-block-image size-large\"><a href=\"https:\/\/sadhuamorypata.com\/tienda-para-el-bienestar-de-tus-mascotas\/articulos-para-gatos-%f0%9f%90%88\/\"><img loading=\"lazy\" decoding=\"async\" width=\"1024\" height=\"683\" src=\"https:\/\/sadhuamorypata.com\/wp-content\/uploads\/2024\/03\/pet-2023-11-27-05-26-44-utc-1024x683.jpg\" alt=\"\" class=\"wp-image-32\" srcset=\"https:\/\/sadhuamorypata.com\/wp-content\/uploads\/2024\/03\/pet-2023-11-27-05-26-44-utc-1024x683.jpg 1024w, https:\/\/sadhuamorypata.com\/wp-content\/uploads\/2024\/03\/pet-2023-11-27-05-26-44-utc-300x200.jpg 300w, https:\/\/sadhuamorypata.com\/wp-content\/uploads\/2024\/03\/pet-2023-11-27-05-26-44-utc-768x512.jpg 768w, https:\/\/sadhuamorypata.com\/wp-content\/uploads\/2024\/03\/pet-2023-11-27-05-26-44-utc-1536x1024.jpg 1536w, https:\/\/sadhuamorypata.com\/wp-content\/uploads\/2024\/03\/pet-2023-11-27-05-26-44-utc-2048x1365.jpg 2048w\" sizes=\"(max-width: 1024px) 100vw, 1024px\" \/><\/a><\/figure>\n\n\n\n<h2 class=\"wp-block-heading has-text-align-center has-text-color has-link-color wp-elements-101337f35f4a7f5413242e40bd99320b\" style=\"color:#5708a1\"><a href=\"https:\/\/sadhuamorypata.com\/tienda-para-el-bienestar-de-tus-mascotas\/articulos-para-gatos-%f0%9f%90%88\/\" data-type=\"page\" data-id=\"160\">Art\u00edculos para gatos<\/a><\/h2>\n<\/div>\n\n\n\n<div class=\"wp-block-column is-layout-flow wp-block-column-is-layout-flow\">\n<figure class=\"wp-block-image size-large\"><a href=\"https:\/\/sadhuamorypata.com\/tienda-para-el-bienestar-de-tus-mascotas\/blog\"><img loading=\"lazy\" decoding=\"async\" width=\"1024\" height=\"683\" src=\"https:\/\/sadhuamorypata.com\/wp-content\/uploads\/2024\/03\/mother-daughter-and-dog-lying-in-bed-2023-11-27-05-19-12-utc-1024x683.jpg\" alt=\"\" class=\"wp-image-30\" srcset=\"https:\/\/sadhuamorypata.com\/wp-content\/uploads\/2024\/03\/mother-daughter-and-dog-lying-in-bed-2023-11-27-05-19-12-utc-1024x683.jpg 1024w, https:\/\/sadhuamorypata.com\/wp-content\/uploads\/2024\/03\/mother-daughter-and-dog-lying-in-bed-2023-11-27-05-19-12-utc-300x200.jpg 300w, https:\/\/sadhuamorypata.com\/wp-content\/uploads\/2024\/03\/mother-daughter-and-dog-lying-in-bed-2023-11-27-05-19-12-utc-768x512.jpg 768w, https:\/\/sadhuamorypata.com\/wp-content\/uploads\/2024\/03\/mother-daughter-and-dog-lying-in-bed-2023-11-27-05-19-12-utc-1536x1024.jpg 1536w, https:\/\/sadhuamorypata.com\/wp-content\/uploads\/2024\/03\/mother-daughter-and-dog-lying-in-bed-2023-11-27-05-19-12-utc-2048x1365.jpg 2048w\" sizes=\"(max-width: 1024px) 100vw, 1024px\" \/><\/a><\/figure>\n\n\n\n<h2 class=\"wp-block-heading has-text-align-center has-text-color has-link-color wp-elements-d1bdc9d17de0ebbb93196870d0570538\" style=\"color:#2b0155\"><a href=\"https:\/\/sadhuamorypata.com\/tienda-para-el-bienestar-de-tus-mascotas\/blog\">Blog y Consejos<\/a><\/h2>\n<\/div>\n<\/div>\n\n\n\n<p><\/p>\n\n\n\n<figure class=\"wp-block-embed is-type-video is-provider-youtube wp-block-embed-youtube wp-embed-aspect-16-9 wp-has-aspect-ratio\"><div class=\"wp-block-embed__wrapper\">\n<iframe loading=\"lazy\" title=\"Primer video de Sadhu! Un proyecto que estamos iniciando con mucho amor!!!!\" width=\"1170\" height=\"658\" src=\"https:\/\/www.youtube.com\/embed\/qYybXX7Okh0?feature=oembed\" frameborder=\"0\" allow=\"accelerometer; autoplay; clipboard-write; encrypted-media; gyroscope; picture-in-picture; web-share\" referrerpolicy=\"strict-origin-when-cross-origin\" allowfullscreen><\/iframe>\n<\/div><\/figure>\n\n\n\n<p><\/p>\n\n\n\n<p><\/p>\n\n\n\n<p><\/p>\n","protected":false},"excerpt":{"rendered":"<p>\u00a1Da click sobre tu tipo de mascota para conocer todos los productos que tenemos para hacerlo feliz! Art\u00edculos para perros Art\u00edculos para gatos Blog y Consejos<\/p>\n","protected":false},"author":1,"featured_media":0,"parent":0,"menu_order":1,"comment_status":"closed","ping_status":"closed","template":"","meta":{"om_disable_all_campaigns":false,"_monsterinsights_skip_tracking":false,"_monsterinsights_sitenote_active":false,"_monsterinsights_sitenote_note":"","_monsterinsights_sitenote_category":0,"_uf_show_specific_survey":0,"_uf_disable_surveys":false,"footnotes":""},"yoast_head":"<!-- This site is optimized with the Yoast SEO plugin v22.7 - https:\/\/yoast.com\/wordpress\/plugins\/seo\/ -->\n<title>Tienda para el bienestar de tus mascotas<\/title>\n<meta name=\"description\" content=\"En esta p\u00e1gina encontrar\u00e1s productos para perros, consejos para el cuidado de tus mascotas, art\u00edculos originales para su bienestar y todo lo relacionado con hacer felices a los animales.\" \/>\n<meta name=\"robots\" content=\"index, follow, max-snippet:-1, max-image-preview:large, max-video-preview:-1\" \/>\n<link rel=\"canonical\" href=\"https:\/\/sadhuamorypata.com\/tienda-para-el-bienestar-de-tus-mascotas\/\" \/>\n<meta property=\"og:locale\" content=\"es_MX\" \/>\n<meta property=\"og:type\" content=\"article\" \/>\n<meta property=\"og:title\" content=\"Tienda para el bienestar de tus mascotas\" \/>\n<meta property=\"og:description\" content=\"En esta p\u00e1gina encontrar\u00e1s productos para perros, consejos para el cuidado de tus mascotas, art\u00edculos originales para su bienestar y todo lo relacionado con hacer felices a los animales.\" \/>\n<meta property=\"og:url\" content=\"https:\/\/sadhuamorypata.com\/tienda-para-el-bienestar-de-tus-mascotas\/\" \/>\n<meta property=\"og:site_name\" content=\"Sadhu Amor y Pata\" \/>\n<meta property=\"article:modified_time\" content=\"2024-06-28T23:45:52+00:00\" \/>\n<meta property=\"og:image\" content=\"https:\/\/sadhuamorypata.com\/wp-content\/uploads\/2024\/03\/portrait-of-a-dog-dachshund-on-the-bed-2023-11-27-05-17-51-utc-1024x731.jpg\" \/>\n<meta name=\"twitter:card\" content=\"summary_large_image\" \/>\n<meta name=\"twitter:label1\" content=\"Tiempo de lectura\" \/>\n\t<meta name=\"twitter:data1\" content=\"2 minutos\" \/>\n<script type=\"application\/ld+json\" class=\"yoast-schema-graph\">{\"@context\":\"https:\/\/schema.org\",\"@graph\":[{\"@type\":\"WebPage\",\"@id\":\"https:\/\/sadhuamorypata.com\/tienda-para-el-bienestar-de-tus-mascotas\/\",\"url\":\"https:\/\/sadhuamorypata.com\/tienda-para-el-bienestar-de-tus-mascotas\/\",\"name\":\"Tienda para el bienestar de tus mascotas\",\"isPartOf\":{\"@id\":\"https:\/\/sadhuamorypata.com\/tienda-para-el-bienestar-de-tus-mascotas\/#website\"},\"primaryImageOfPage\":{\"@id\":\"https:\/\/sadhuamorypata.com\/tienda-para-el-bienestar-de-tus-mascotas\/#primaryimage\"},\"image\":{\"@id\":\"https:\/\/sadhuamorypata.com\/tienda-para-el-bienestar-de-tus-mascotas\/#primaryimage\"},\"thumbnailUrl\":\"https:\/\/sadhuamorypata.com\/wp-content\/uploads\/2024\/03\/portrait-of-a-dog-dachshund-on-the-bed-2023-11-27-05-17-51-utc-1024x731.jpg\",\"datePublished\":\"2024-03-29T21:49:12+00:00\",\"dateModified\":\"2024-06-28T23:45:52+00:00\",\"description\":\"En esta p\u00e1gina encontrar\u00e1s productos para perros, consejos para el cuidado de tus mascotas, art\u00edculos originales para su bienestar y todo lo relacionado con hacer felices a los animales.\",\"breadcrumb\":{\"@id\":\"https:\/\/sadhuamorypata.com\/tienda-para-el-bienestar-de-tus-mascotas\/#breadcrumb\"},\"inLanguage\":\"es\",\"potentialAction\":[{\"@type\":\"ReadAction\",\"target\":[\"https:\/\/sadhuamorypata.com\/tienda-para-el-bienestar-de-tus-mascotas\/\"]}]},{\"@type\":\"ImageObject\",\"inLanguage\":\"es\",\"@id\":\"https:\/\/sadhuamorypata.com\/tienda-para-el-bienestar-de-tus-mascotas\/#primaryimage\",\"url\":\"https:\/\/sadhuamorypata.com\/wp-content\/uploads\/2024\/03\/portrait-of-a-dog-dachshund-on-the-bed-2023-11-27-05-17-51-utc-1024x731.jpg\",\"contentUrl\":\"https:\/\/sadhuamorypata.com\/wp-content\/uploads\/2024\/03\/portrait-of-a-dog-dachshund-on-the-bed-2023-11-27-05-17-51-utc-1024x731.jpg\"},{\"@type\":\"BreadcrumbList\",\"@id\":\"https:\/\/sadhuamorypata.com\/tienda-para-el-bienestar-de-tus-mascotas\/#breadcrumb\",\"itemListElement\":[{\"@type\":\"ListItem\",\"position\":1,\"name\":\"Inicio\",\"item\":\"https:\/\/sadhuamorypata.com\/tienda-para-el-bienestar-de-tus-mascotas\/\"},{\"@type\":\"ListItem\",\"position\":2,\"name\":\"Tienda para el bienestar de tus mascotas\"}]},{\"@type\":\"WebSite\",\"@id\":\"https:\/\/sadhuamorypata.com\/tienda-para-el-bienestar-de-tus-mascotas\/#website\",\"url\":\"https:\/\/sadhuamorypata.com\/tienda-para-el-bienestar-de-tus-mascotas\/\",\"name\":\"Art\u00edculos para mascotas\",\"description\":\"Queremos que todos los seres sean felices\",\"publisher\":{\"@id\":\"https:\/\/sadhuamorypata.com\/tienda-para-el-bienestar-de-tus-mascotas\/#organization\"},\"potentialAction\":[{\"@type\":\"SearchAction\",\"target\":{\"@type\":\"EntryPoint\",\"urlTemplate\":\"https:\/\/sadhuamorypata.com\/tienda-para-el-bienestar-de-tus-mascotas\/?s={search_term_string}\"},\"query-input\":\"required name=search_term_string\"}],\"inLanguage\":\"es\"},{\"@type\":\"Organization\",\"@id\":\"https:\/\/sadhuamorypata.com\/tienda-para-el-bienestar-de-tus-mascotas\/#organization\",\"name\":\"Sadhu Amor y Pata\",\"url\":\"https:\/\/sadhuamorypata.com\/tienda-para-el-bienestar-de-tus-mascotas\/\",\"logo\":{\"@type\":\"ImageObject\",\"inLanguage\":\"es\",\"@id\":\"https:\/\/sadhuamorypata.com\/tienda-para-el-bienestar-de-tus-mascotas\/#\/schema\/logo\/image\/\",\"url\":\"https:\/\/sadhuamorypata.com\/wp-content\/uploads\/2024\/04\/cropped-logo-transparent-1.png\",\"contentUrl\":\"https:\/\/sadhuamorypata.com\/wp-content\/uploads\/2024\/04\/cropped-logo-transparent-1.png\",\"width\":512,\"height\":512,\"caption\":\"Sadhu Amor y Pata\"},\"image\":{\"@id\":\"https:\/\/sadhuamorypata.com\/tienda-para-el-bienestar-de-tus-mascotas\/#\/schema\/logo\/image\/\"}}]}<\/script>\n<!-- \/ Yoast SEO plugin. -->","yoast_head_json":{"title":"Tienda para el bienestar de tus mascotas","description":"En esta p\u00e1gina encontrar\u00e1s productos para perros, consejos para el cuidado de tus mascotas, art\u00edculos originales para su bienestar y todo lo relacionado con hacer felices a los animales.","robots":{"index":"index","follow":"follow","max-snippet":"max-snippet:-1","max-image-preview":"max-image-preview:large","max-video-preview":"max-video-preview:-1"},"canonical":"https:\/\/sadhuamorypata.com\/tienda-para-el-bienestar-de-tus-mascotas\/","og_locale":"es_MX","og_type":"article","og_title":"Tienda para el bienestar de tus mascotas","og_description":"En esta p\u00e1gina encontrar\u00e1s productos para perros, consejos para el cuidado de tus mascotas, art\u00edculos originales para su bienestar y todo lo relacionado con hacer felices a los animales.","og_url":"https:\/\/sadhuamorypata.com\/tienda-para-el-bienestar-de-tus-mascotas\/","og_site_name":"Sadhu Amor y Pata","article_modified_time":"2024-06-28T23:45:52+00:00","og_image":[{"url":"https:\/\/sadhuamorypata.com\/wp-content\/uploads\/2024\/03\/portrait-of-a-dog-dachshund-on-the-bed-2023-11-27-05-17-51-utc-1024x731.jpg"}],"twitter_card":"summary_large_image","twitter_misc":{"Tiempo de lectura":"2 minutos"},"schema":{"@context":"https:\/\/schema.org","@graph":[{"@type":"WebPage","@id":"https:\/\/sadhuamorypata.com\/tienda-para-el-bienestar-de-tus-mascotas\/","url":"https:\/\/sadhuamorypata.com\/tienda-para-el-bienestar-de-tus-mascotas\/","name":"Tienda para el bienestar de tus mascotas","isPartOf":{"@id":"https:\/\/sadhuamorypata.com\/tienda-para-el-bienestar-de-tus-mascotas\/#website"},"primaryImageOfPage":{"@id":"https:\/\/sadhuamorypata.com\/tienda-para-el-bienestar-de-tus-mascotas\/#primaryimage"},"image":{"@id":"https:\/\/sadhuamorypata.com\/tienda-para-el-bienestar-de-tus-mascotas\/#primaryimage"},"thumbnailUrl":"https:\/\/sadhuamorypata.com\/wp-content\/uploads\/2024\/03\/portrait-of-a-dog-dachshund-on-the-bed-2023-11-27-05-17-51-utc-1024x731.jpg","datePublished":"2024-03-29T21:49:12+00:00","dateModified":"2024-06-28T23:45:52+00:00","description":"En esta p\u00e1gina encontrar\u00e1s productos para perros, consejos para el cuidado de tus mascotas, art\u00edculos originales para su bienestar y todo lo relacionado con hacer felices a los animales.","breadcrumb":{"@id":"https:\/\/sadhuamorypata.com\/tienda-para-el-bienestar-de-tus-mascotas\/#breadcrumb"},"inLanguage":"es","potentialAction":[{"@type":"ReadAction","target":["https:\/\/sadhuamorypata.com\/tienda-para-el-bienestar-de-tus-mascotas\/"]}]},{"@type":"ImageObject","inLanguage":"es","@id":"https:\/\/sadhuamorypata.com\/tienda-para-el-bienestar-de-tus-mascotas\/#primaryimage","url":"https:\/\/sadhuamorypata.com\/wp-content\/uploads\/2024\/03\/portrait-of-a-dog-dachshund-on-the-bed-2023-11-27-05-17-51-utc-1024x731.jpg","contentUrl":"https:\/\/sadhuamorypata.com\/wp-content\/uploads\/2024\/03\/portrait-of-a-dog-dachshund-on-the-bed-2023-11-27-05-17-51-utc-1024x731.jpg"},{"@type":"BreadcrumbList","@id":"https:\/\/sadhuamorypata.com\/tienda-para-el-bienestar-de-tus-mascotas\/#breadcrumb","itemListElement":[{"@type":"ListItem","position":1,"name":"Inicio","item":"https:\/\/sadhuamorypata.com\/tienda-para-el-bienestar-de-tus-mascotas\/"},{"@type":"ListItem","position":2,"name":"Tienda para el bienestar de tus mascotas"}]},{"@type":"WebSite","@id":"https:\/\/sadhuamorypata.com\/tienda-para-el-bienestar-de-tus-mascotas\/#website","url":"https:\/\/sadhuamorypata.com\/tienda-para-el-bienestar-de-tus-mascotas\/","name":"Art\u00edculos para mascotas","description":"Queremos que todos los seres sean felices","publisher":{"@id":"https:\/\/sadhuamorypata.com\/tienda-para-el-bienestar-de-tus-mascotas\/#organization"},"potentialAction":[{"@type":"SearchAction","target":{"@type":"EntryPoint","urlTemplate":"https:\/\/sadhuamorypata.com\/tienda-para-el-bienestar-de-tus-mascotas\/?s={search_term_string}"},"query-input":"required name=search_term_string"}],"inLanguage":"es"},{"@type":"Organization","@id":"https:\/\/sadhuamorypata.com\/tienda-para-el-bienestar-de-tus-mascotas\/#organization","name":"Sadhu Amor y Pata","url":"https:\/\/sadhuamorypata.com\/tienda-para-el-bienestar-de-tus-mascotas\/","logo":{"@type":"ImageObject","inLanguage":"es","@id":"https:\/\/sadhuamorypata.com\/tienda-para-el-bienestar-de-tus-mascotas\/#\/schema\/logo\/image\/","url":"https:\/\/sadhuamorypata.com\/wp-content\/uploads\/2024\/04\/cropped-logo-transparent-1.png","contentUrl":"https:\/\/sadhuamorypata.com\/wp-content\/uploads\/2024\/04\/cropped-logo-transparent-1.png","width":512,"height":512,"caption":"Sadhu Amor y Pata"},"image":{"@id":"https:\/\/sadhuamorypata.com\/tienda-para-el-bienestar-de-tus-mascotas\/#\/schema\/logo\/image\/"}}]}},"_links":{"self":[{"href":"https:\/\/sadhuamorypata.com\/tienda-para-el-bienestar-de-tus-mascotas\/wp-json\/wp\/v2\/pages\/2"}],"collection":[{"href":"https:\/\/sadhuamorypata.com\/tienda-para-el-bienestar-de-tus-mascotas\/wp-json\/wp\/v2\/pages"}],"about":[{"href":"https:\/\/sadhuamorypata.com\/tienda-para-el-bienestar-de-tus-mascotas\/wp-json\/wp\/v2\/types\/page"}],"author":[{"embeddable":true,"href":"https:\/\/sadhuamorypata.com\/tienda-para-el-bienestar-de-tus-mascotas\/wp-json\/wp\/v2\/users\/1"}],"replies":[{"embeddable":true,"href":"https:\/\/sadhuamorypata.com\/tienda-para-el-bienestar-de-tus-mascotas\/wp-json\/wp\/v2\/comments?post=2"}],"version-history":[{"count":26,"href":"https:\/\/sadhuamorypata.com\/tienda-para-el-bienestar-de-tus-mascotas\/wp-json\/wp\/v2\/pages\/2\/revisions"}],"predecessor-version":[{"id":687,"href":"https:\/\/sadhuamorypata.com\/tienda-para-el-bienestar-de-tus-mascotas\/wp-json\/wp\/v2\/pages\/2\/revisions\/687"}],"wp:attachment":[{"href":"https:\/\/sadhuamorypata.com\/tienda-para-el-bienestar-de-tus-mascotas\/wp-json\/wp\/v2\/media?parent=2"}],"curies":[{"name":"wp","href":"https:\/\/api.w.org\/{rel}","templated":true}]}}