{"id":622,"date":"2024-06-10T03:55:19","date_gmt":"2024-06-10T03:55:19","guid":{"rendered":"https:\/\/sadhuamorypata.com\/tienda-para-el-bienestar-de-tus-mascotas\/?page_id=622"},"modified":"2024-06-10T04:39:31","modified_gmt":"2024-06-10T04:39:31","slug":"alimento-seco-para-perros-royal-canine","status":"publish","type":"page","link":"https:\/\/sadhuamorypata.com\/tienda-para-el-bienestar-de-tus-mascotas\/alimento-seco-para-perros-royal-canine\/","title":{"rendered":"Alimento seco para perros Royal Canin"},"content":{"rendered":"\n\n\n<h3 class=\"wp-block-heading\"><\/h3>\n\n\n\n<h2 class=\"wp-block-heading\"><strong>Royal Canin, marca TOP en alimentos para perros. M\u00e1s de 1.000 personas lo compran cada semana.<\/strong><\/h2>\n\n\n\n<p>Royal Canin se ha consolidado como una de las marcas l\u00edderes en el mercado de alimentos para perros, gracias a su compromiso con la calidad y el bienestar de las mascotas. Cada semana, miles de due\u00f1os de mascotas conf\u00edan en esta marca para proporcionar una nutrici\u00f3n \u00f3ptima a sus perros, asegurando una vida saludable y activa.<\/p>\n\n\n\n<h2 class=\"wp-block-heading has-text-align-center\">Te dejamos los productos m\u00e1s vendidos en Amazon M\u00e9xico de Royal Canine para que le eches un ojo y elijas los que mejor se adaptan a tu perrijo<\/h2>\n\n\n\n<div style=\"height:30px\" aria-hidden=\"true\" class=\"wp-block-spacer\"><\/div>\n\n\n<p >No products found.<\/p>\n\n\n<h2 class=\"wp-block-heading has-text-align-center\">Tambi\u00e9n puedes ver una comparativa de an\u00e1lisis de Royal Canine con otros productos en nuestro blog da click en el bot\u00f3n de abajo<\/h2>\n\n\n\n<div class=\"wp-block-buttons is-content-justification-center is-layout-flex wp-container-core-buttons-is-layout-1 wp-block-buttons-is-layout-flex\">\n<div class=\"wp-block-button\"><a class=\"wp-block-button__link wp-element-button\" href=\"https:\/\/sadhuamorypata.com\/tienda-para-el-bienestar-de-tus-mascotas\/blog\/blog-alimento-seco-para-perros-royal-canine\/\">An\u00e1lisis y Comparativa Royal Canine <\/a><\/div>\n<\/div>\n\n\n<figure class=\"wp-block-post-featured-image\"><img loading=\"lazy\" decoding=\"async\" width=\"1000\" height=\"303\" src=\"https:\/\/sadhuamorypata.com\/wp-content\/uploads\/2024\/06\/Royal-Canin-Logo.svg_.png\" class=\"attachment-post-thumbnail size-post-thumbnail wp-post-image\" alt=\"\" style=\"object-fit:cover;\" srcset=\"https:\/\/sadhuamorypata.com\/wp-content\/uploads\/2024\/06\/Royal-Canin-Logo.svg_.png 1000w, https:\/\/sadhuamorypata.com\/wp-content\/uploads\/2024\/06\/Royal-Canin-Logo.svg_-300x91.png 300w, https:\/\/sadhuamorypata.com\/wp-content\/uploads\/2024\/06\/Royal-Canin-Logo.svg_-768x233.png 768w\" sizes=\"(max-width: 1000px) 100vw, 1000px\" \/><\/figure>","protected":false},"excerpt":{"rendered":"<p>Royal Canin, marca TOP en alimentos para perros. M\u00e1s de 1.000 personas lo compran cada semana. Royal Canin se ha consolidado como una de las marcas l\u00edderes en el mercado de alimentos para perros, gracias a su compromiso con la calidad y el bienestar de las mascotas. Cada semana, miles de due\u00f1os de mascotas conf\u00edan [&hellip;]<\/p>\n","protected":false},"author":1,"featured_media":587,"parent":0,"menu_order":0,"comment_status":"closed","ping_status":"closed","template":"","meta":{"om_disable_all_campaigns":false,"_monsterinsights_skip_tracking":false,"_monsterinsights_sitenote_active":false,"_monsterinsights_sitenote_note":"","_monsterinsights_sitenote_category":0,"_uf_show_specific_survey":0,"_uf_disable_surveys":false,"footnotes":""},"yoast_head":"<!-- This site is optimized with the Yoast SEO plugin v22.7 - https:\/\/yoast.com\/wordpress\/plugins\/seo\/ -->\n<title>Alimento seco para perros Royal Canin<\/title>\n<meta name=\"description\" content=\"Royal Canin, marca TOP en alimentos para perros. M\u00e1s de 1.000 personas lo compran cada semana.Royal Canin se ha consolidado como una de las marcas l\u00edderes en el mercado de alimentos para perros, gracias a su compromiso con la calidad y el bienestar de las mascotas. Cada semana, miles de due\u00f1os de mascotas conf\u00edan en esta marca para proporcionar una nutrici\u00f3n \u00f3ptima a sus perros, asegurando una vida saludable y activa.\" \/>\n<meta name=\"robots\" content=\"index, follow, max-snippet:-1, max-image-preview:large, max-video-preview:-1\" \/>\n<link rel=\"canonical\" href=\"https:\/\/sadhuamorypata.com\/tienda-para-el-bienestar-de-tus-mascotas\/alimento-seco-para-perros-royal-canine\/\" \/>\n<meta property=\"og:locale\" content=\"es_MX\" \/>\n<meta property=\"og:type\" content=\"article\" \/>\n<meta property=\"og:title\" content=\"Alimento seco para perros Royal Canin\" \/>\n<meta property=\"og:description\" content=\"Royal Canin, marca TOP en alimentos para perros. M\u00e1s de 1.000 personas lo compran cada semana.Royal Canin se ha consolidado como una de las marcas l\u00edderes en el mercado de alimentos para perros, gracias a su compromiso con la calidad y el bienestar de las mascotas. Cada semana, miles de due\u00f1os de mascotas conf\u00edan en esta marca para proporcionar una nutrici\u00f3n \u00f3ptima a sus perros, asegurando una vida saludable y activa.\" \/>\n<meta property=\"og:url\" content=\"https:\/\/sadhuamorypata.com\/tienda-para-el-bienestar-de-tus-mascotas\/alimento-seco-para-perros-royal-canine\/\" \/>\n<meta property=\"og:site_name\" content=\"Sadhu Amor y Pata\" \/>\n<meta property=\"article:modified_time\" content=\"2024-06-10T04:39:31+00:00\" \/>\n<meta property=\"og:image\" content=\"https:\/\/sadhuamorypata.com\/wp-content\/uploads\/2024\/06\/Royal-Canin-Logo.svg_.png\" \/>\n\t<meta property=\"og:image:width\" content=\"1000\" \/>\n\t<meta property=\"og:image:height\" content=\"303\" \/>\n\t<meta property=\"og:image:type\" content=\"image\/png\" \/>\n<meta name=\"twitter:card\" content=\"summary_large_image\" \/>\n<meta name=\"twitter:label1\" content=\"Tiempo de lectura\" \/>\n\t<meta name=\"twitter:data1\" content=\"1 minuto\" \/>\n<script type=\"application\/ld+json\" class=\"yoast-schema-graph\">{\"@context\":\"https:\/\/schema.org\",\"@graph\":[{\"@type\":\"WebPage\",\"@id\":\"https:\/\/sadhuamorypata.com\/tienda-para-el-bienestar-de-tus-mascotas\/alimento-seco-para-perros-royal-canine\/\",\"url\":\"https:\/\/sadhuamorypata.com\/tienda-para-el-bienestar-de-tus-mascotas\/alimento-seco-para-perros-royal-canine\/\",\"name\":\"Alimento seco para perros Royal Canin\",\"isPartOf\":{\"@id\":\"https:\/\/sadhuamorypata.com\/tienda-para-el-bienestar-de-tus-mascotas\/#website\"},\"primaryImageOfPage\":{\"@id\":\"https:\/\/sadhuamorypata.com\/tienda-para-el-bienestar-de-tus-mascotas\/alimento-seco-para-perros-royal-canine\/#primaryimage\"},\"image\":{\"@id\":\"https:\/\/sadhuamorypata.com\/tienda-para-el-bienestar-de-tus-mascotas\/alimento-seco-para-perros-royal-canine\/#primaryimage\"},\"thumbnailUrl\":\"https:\/\/sadhuamorypata.com\/wp-content\/uploads\/2024\/06\/Royal-Canin-Logo.svg_.png\",\"datePublished\":\"2024-06-10T03:55:19+00:00\",\"dateModified\":\"2024-06-10T04:39:31+00:00\",\"description\":\"Royal Canin, marca TOP en alimentos para perros. M\u00e1s de 1.000 personas lo compran cada semana.Royal Canin se ha consolidado como una de las marcas l\u00edderes en el mercado de alimentos para perros, gracias a su compromiso con la calidad y el bienestar de las mascotas. Cada semana, miles de due\u00f1os de mascotas conf\u00edan en esta marca para proporcionar una nutrici\u00f3n \u00f3ptima a sus perros, asegurando una vida saludable y activa.\",\"breadcrumb\":{\"@id\":\"https:\/\/sadhuamorypata.com\/tienda-para-el-bienestar-de-tus-mascotas\/alimento-seco-para-perros-royal-canine\/#breadcrumb\"},\"inLanguage\":\"es\",\"potentialAction\":[{\"@type\":\"ReadAction\",\"target\":[\"https:\/\/sadhuamorypata.com\/tienda-para-el-bienestar-de-tus-mascotas\/alimento-seco-para-perros-royal-canine\/\"]}]},{\"@type\":\"ImageObject\",\"inLanguage\":\"es\",\"@id\":\"https:\/\/sadhuamorypata.com\/tienda-para-el-bienestar-de-tus-mascotas\/alimento-seco-para-perros-royal-canine\/#primaryimage\",\"url\":\"https:\/\/sadhuamorypata.com\/wp-content\/uploads\/2024\/06\/Royal-Canin-Logo.svg_.png\",\"contentUrl\":\"https:\/\/sadhuamorypata.com\/wp-content\/uploads\/2024\/06\/Royal-Canin-Logo.svg_.png\",\"width\":1000,\"height\":303},{\"@type\":\"BreadcrumbList\",\"@id\":\"https:\/\/sadhuamorypata.com\/tienda-para-el-bienestar-de-tus-mascotas\/alimento-seco-para-perros-royal-canine\/#breadcrumb\",\"itemListElement\":[{\"@type\":\"ListItem\",\"position\":1,\"name\":\"Inicio\",\"item\":\"https:\/\/sadhuamorypata.com\/tienda-para-el-bienestar-de-tus-mascotas\/\"},{\"@type\":\"ListItem\",\"position\":2,\"name\":\"Alimento seco para perros Royal Canin\"}]},{\"@type\":\"WebSite\",\"@id\":\"https:\/\/sadhuamorypata.com\/tienda-para-el-bienestar-de-tus-mascotas\/#website\",\"url\":\"https:\/\/sadhuamorypata.com\/tienda-para-el-bienestar-de-tus-mascotas\/\",\"name\":\"Art\u00edculos para mascotas\",\"description\":\"Queremos que todos los seres sean felices\",\"publisher\":{\"@id\":\"https:\/\/sadhuamorypata.com\/tienda-para-el-bienestar-de-tus-mascotas\/#organization\"},\"potentialAction\":[{\"@type\":\"SearchAction\",\"target\":{\"@type\":\"EntryPoint\",\"urlTemplate\":\"https:\/\/sadhuamorypata.com\/tienda-para-el-bienestar-de-tus-mascotas\/?s={search_term_string}\"},\"query-input\":\"required name=search_term_string\"}],\"inLanguage\":\"es\"},{\"@type\":\"Organization\",\"@id\":\"https:\/\/sadhuamorypata.com\/tienda-para-el-bienestar-de-tus-mascotas\/#organization\",\"name\":\"Sadhu Amor y Pata\",\"url\":\"https:\/\/sadhuamorypata.com\/tienda-para-el-bienestar-de-tus-mascotas\/\",\"logo\":{\"@type\":\"ImageObject\",\"inLanguage\":\"es\",\"@id\":\"https:\/\/sadhuamorypata.com\/tienda-para-el-bienestar-de-tus-mascotas\/#\/schema\/logo\/image\/\",\"url\":\"https:\/\/sadhuamorypata.com\/wp-content\/uploads\/2024\/04\/cropped-logo-transparent-1.png\",\"contentUrl\":\"https:\/\/sadhuamorypata.com\/wp-content\/uploads\/2024\/04\/cropped-logo-transparent-1.png\",\"width\":512,\"height\":512,\"caption\":\"Sadhu Amor y Pata\"},\"image\":{\"@id\":\"https:\/\/sadhuamorypata.com\/tienda-para-el-bienestar-de-tus-mascotas\/#\/schema\/logo\/image\/\"}}]}<\/script>\n<!-- \/ Yoast SEO plugin. -->","yoast_head_json":{"title":"Alimento seco para perros Royal Canin","description":"Royal Canin, marca TOP en alimentos para perros. M\u00e1s de 1.000 personas lo compran cada semana.Royal Canin se ha consolidado como una de las marcas l\u00edderes en el mercado de alimentos para perros, gracias a su compromiso con la calidad y el bienestar de las mascotas. Cada semana, miles de due\u00f1os de mascotas conf\u00edan en esta marca para proporcionar una nutrici\u00f3n \u00f3ptima a sus perros, asegurando una vida saludable y activa.","robots":{"index":"index","follow":"follow","max-snippet":"max-snippet:-1","max-image-preview":"max-image-preview:large","max-video-preview":"max-video-preview:-1"},"canonical":"https:\/\/sadhuamorypata.com\/tienda-para-el-bienestar-de-tus-mascotas\/alimento-seco-para-perros-royal-canine\/","og_locale":"es_MX","og_type":"article","og_title":"Alimento seco para perros Royal Canin","og_description":"Royal Canin, marca TOP en alimentos para perros. M\u00e1s de 1.000 personas lo compran cada semana.Royal Canin se ha consolidado como una de las marcas l\u00edderes en el mercado de alimentos para perros, gracias a su compromiso con la calidad y el bienestar de las mascotas. Cada semana, miles de due\u00f1os de mascotas conf\u00edan en esta marca para proporcionar una nutrici\u00f3n \u00f3ptima a sus perros, asegurando una vida saludable y activa.","og_url":"https:\/\/sadhuamorypata.com\/tienda-para-el-bienestar-de-tus-mascotas\/alimento-seco-para-perros-royal-canine\/","og_site_name":"Sadhu Amor y Pata","article_modified_time":"2024-06-10T04:39:31+00:00","og_image":[{"width":1000,"height":303,"url":"https:\/\/sadhuamorypata.com\/wp-content\/uploads\/2024\/06\/Royal-Canin-Logo.svg_.png","type":"image\/png"}],"twitter_card":"summary_large_image","twitter_misc":{"Tiempo de lectura":"1 minuto"},"schema":{"@context":"https:\/\/schema.org","@graph":[{"@type":"WebPage","@id":"https:\/\/sadhuamorypata.com\/tienda-para-el-bienestar-de-tus-mascotas\/alimento-seco-para-perros-royal-canine\/","url":"https:\/\/sadhuamorypata.com\/tienda-para-el-bienestar-de-tus-mascotas\/alimento-seco-para-perros-royal-canine\/","name":"Alimento seco para perros Royal Canin","isPartOf":{"@id":"https:\/\/sadhuamorypata.com\/tienda-para-el-bienestar-de-tus-mascotas\/#website"},"primaryImageOfPage":{"@id":"https:\/\/sadhuamorypata.com\/tienda-para-el-bienestar-de-tus-mascotas\/alimento-seco-para-perros-royal-canine\/#primaryimage"},"image":{"@id":"https:\/\/sadhuamorypata.com\/tienda-para-el-bienestar-de-tus-mascotas\/alimento-seco-para-perros-royal-canine\/#primaryimage"},"thumbnailUrl":"https:\/\/sadhuamorypata.com\/wp-content\/uploads\/2024\/06\/Royal-Canin-Logo.svg_.png","datePublished":"2024-06-10T03:55:19+00:00","dateModified":"2024-06-10T04:39:31+00:00","description":"Royal Canin, marca TOP en alimentos para perros. M\u00e1s de 1.000 personas lo compran cada semana.Royal Canin se ha consolidado como una de las marcas l\u00edderes en el mercado de alimentos para perros, gracias a su compromiso con la calidad y el bienestar de las mascotas. Cada semana, miles de due\u00f1os de mascotas conf\u00edan en esta marca para proporcionar una nutrici\u00f3n \u00f3ptima a sus perros, asegurando una vida saludable y activa.","breadcrumb":{"@id":"https:\/\/sadhuamorypata.com\/tienda-para-el-bienestar-de-tus-mascotas\/alimento-seco-para-perros-royal-canine\/#breadcrumb"},"inLanguage":"es","potentialAction":[{"@type":"ReadAction","target":["https:\/\/sadhuamorypata.com\/tienda-para-el-bienestar-de-tus-mascotas\/alimento-seco-para-perros-royal-canine\/"]}]},{"@type":"ImageObject","inLanguage":"es","@id":"https:\/\/sadhuamorypata.com\/tienda-para-el-bienestar-de-tus-mascotas\/alimento-seco-para-perros-royal-canine\/#primaryimage","url":"https:\/\/sadhuamorypata.com\/wp-content\/uploads\/2024\/06\/Royal-Canin-Logo.svg_.png","contentUrl":"https:\/\/sadhuamorypata.com\/wp-content\/uploads\/2024\/06\/Royal-Canin-Logo.svg_.png","width":1000,"height":303},{"@type":"BreadcrumbList","@id":"https:\/\/sadhuamorypata.com\/tienda-para-el-bienestar-de-tus-mascotas\/alimento-seco-para-perros-royal-canine\/#breadcrumb","itemListElement":[{"@type":"ListItem","position":1,"name":"Inicio","item":"https:\/\/sadhuamorypata.com\/tienda-para-el-bienestar-de-tus-mascotas\/"},{"@type":"ListItem","position":2,"name":"Alimento seco para perros Royal Canin"}]},{"@type":"WebSite","@id":"https:\/\/sadhuamorypata.com\/tienda-para-el-bienestar-de-tus-mascotas\/#website","url":"https:\/\/sadhuamorypata.com\/tienda-para-el-bienestar-de-tus-mascotas\/","name":"Art\u00edculos para mascotas","description":"Queremos que todos los seres sean felices","publisher":{"@id":"https:\/\/sadhuamorypata.com\/tienda-para-el-bienestar-de-tus-mascotas\/#organization"},"potentialAction":[{"@type":"SearchAction","target":{"@type":"EntryPoint","urlTemplate":"https:\/\/sadhuamorypata.com\/tienda-para-el-bienestar-de-tus-mascotas\/?s={search_term_string}"},"query-input":"required name=search_term_string"}],"inLanguage":"es"},{"@type":"Organization","@id":"https:\/\/sadhuamorypata.com\/tienda-para-el-bienestar-de-tus-mascotas\/#organization","name":"Sadhu Amor y Pata","url":"https:\/\/sadhuamorypata.com\/tienda-para-el-bienestar-de-tus-mascotas\/","logo":{"@type":"ImageObject","inLanguage":"es","@id":"https:\/\/sadhuamorypata.com\/tienda-para-el-bienestar-de-tus-mascotas\/#\/schema\/logo\/image\/","url":"https:\/\/sadhuamorypata.com\/wp-content\/uploads\/2024\/04\/cropped-logo-transparent-1.png","contentUrl":"https:\/\/sadhuamorypata.com\/wp-content\/uploads\/2024\/04\/cropped-logo-transparent-1.png","width":512,"height":512,"caption":"Sadhu Amor y Pata"},"image":{"@id":"https:\/\/sadhuamorypata.com\/tienda-para-el-bienestar-de-tus-mascotas\/#\/schema\/logo\/image\/"}}]}},"_links":{"self":[{"href":"https:\/\/sadhuamorypata.com\/tienda-para-el-bienestar-de-tus-mascotas\/wp-json\/wp\/v2\/pages\/622"}],"collection":[{"href":"https:\/\/sadhuamorypata.com\/tienda-para-el-bienestar-de-tus-mascotas\/wp-json\/wp\/v2\/pages"}],"about":[{"href":"https:\/\/sadhuamorypata.com\/tienda-para-el-bienestar-de-tus-mascotas\/wp-json\/wp\/v2\/types\/page"}],"author":[{"embeddable":true,"href":"https:\/\/sadhuamorypata.com\/tienda-para-el-bienestar-de-tus-mascotas\/wp-json\/wp\/v2\/users\/1"}],"replies":[{"embeddable":true,"href":"https:\/\/sadhuamorypata.com\/tienda-para-el-bienestar-de-tus-mascotas\/wp-json\/wp\/v2\/comments?post=622"}],"version-history":[{"count":4,"href":"https:\/\/sadhuamorypata.com\/tienda-para-el-bienestar-de-tus-mascotas\/wp-json\/wp\/v2\/pages\/622\/revisions"}],"predecessor-version":[{"id":636,"href":"https:\/\/sadhuamorypata.com\/tienda-para-el-bienestar-de-tus-mascotas\/wp-json\/wp\/v2\/pages\/622\/revisions\/636"}],"wp:featuredmedia":[{"embeddable":true,"href":"https:\/\/sadhuamorypata.com\/tienda-para-el-bienestar-de-tus-mascotas\/wp-json\/wp\/v2\/media\/587"}],"wp:attachment":[{"href":"https:\/\/sadhuamorypata.com\/tienda-para-el-bienestar-de-tus-mascotas\/wp-json\/wp\/v2\/media?parent=622"}],"curies":[{"name":"wp","href":"https:\/\/api.w.org\/{rel}","templated":true}]}}